{"id":38518,"date":"2020-05-07T11:08:19","date_gmt":"2020-05-07T09:08:19","guid":{"rendered":"https:\/\/oooh.events\/?page_id=38518"},"modified":"2020-05-07T11:08:20","modified_gmt":"2020-05-07T09:08:20","slug":"quienes-somos","status":"publish","type":"page","link":"https:\/\/oooh.events\/es\/quienes-somos\/","title":{"rendered":"Qui\u00e9nes Somos"},"content":{"rendered":"\n<div class=\"wp-block-image\"><figure class=\"alignright\"><img loading=\"lazy\" decoding=\"async\" width=\"142\" height=\"75\" src=\"https:\/\/oooh.events\/wp-content\/uploads\/2017\/07\/oooh-events-logo-small.png\" alt=\"\" class=\"wp-image-6580\"\/><\/figure><\/div>\n\n\n\n<p>OOOH.Events es un servicio de venta on-line self-service desarrollado por Tixplan s.r.l. integrado con el sistema de taquilla Point Break 3.0 de Tix Production. e omologato con provvedimento dell\u2019Agenzia delle Entrate n\u00b0 0174751 del 21 ottobre 2016..<\/p>\n\n\n<p><img loading=\"lazy\" decoding=\"async\" class=\"alignright size-full wp-image-6580\" src=\"https:\/\/oooh.events\/wp-content\/uploads\/2017\/07\/oooh-events-logo-small.png\" alt=\"\" width=\"142\" height=\"75\"><\/p>\n<p>Con OOOH. Events se puede gestionar la venta de entradas para entretenimiento as\u00ed como por cualquier otro tipo de evento donde resulte necesaria una gesti\u00f3n de venta de entradas: ruedas de prensa, cumplea\u00f1os, recaudaci\u00f3n de fondos, crowdfunding (financiaci\u00f3n por multitudes), concentraciones sociales, congresos, seminarios etc\u2026<\/p>\n<p>La funci\u00f3n \u201dpaquetes\u201d permite combinar la venta de entradas (tambi\u00e9n gratuitas) con bienes y servicios allargando l\u2019utilizzo del sistema a tutte quelle attivit\u00e0 che non necessitano di un \u201cbiglietto\u201d vero e proprio lo que permite sacar provecho durante las pre-ventas (por ejemplo el local que quiera vender copas online que se consumir\u00e1n durante un evento musical, una oficina de prensa que quiera tener constancia con antelaci\u00f3n del n\u00famero de los participantes para coordinar el buffet).<\/p>\n<p>Los datos de identificaci\u00f3n de Tixplan son los siguientes:<\/p>\n<p>Tixplan S.r.l.<br>sede legale: Via Marche n. 54 &#8211; Roma<br>P.IVA&nbsp;13515531005<\/p>\n<p>El software esta desarrollado por:<\/p>\n<p>Tix Production, LLC<br>sede legale: Via Angelo Brofferio, 6 &#8211; Roma<br>P.IVA 08230901004<\/p>\n<p><\/p>","protected":false},"excerpt":{"rendered":"<p>OOOH.Events es un servicio de venta on-line self-service desarrollado por Tixplan s.r.l. integrado con el sistema de taquilla Point Break 3.0 de Tix Production. e omologato con provvedimento dell\u2019Agenzia delle Entrate n\u00b0 0174751 del 21 ottobre 2016.. Con OOOH. Events<span class=\"ellipsis\">&hellip;<\/span><\/p>\n<div class=\"read-more\"><a href=\"https:\/\/oooh.events\/es\/quienes-somos\/\">Leer m\u00e1s &gt;<\/a><\/div>\n<p><!-- end of .read-more --><\/p>\n","protected":false},"author":1,"featured_media":0,"parent":0,"menu_order":0,"comment_status":"closed","ping_status":"closed","template":"","meta":{"_acf_changed":false,"footnotes":""},"class_list":["post-38518","page","type-page","status-publish","hentry"],"acf":[],"_links":{"self":[{"href":"https:\/\/oooh.events\/es\/wp-json\/wp\/v2\/pages\/38518","targetHints":{"allow":["GET"]}}],"collection":[{"href":"https:\/\/oooh.events\/es\/wp-json\/wp\/v2\/pages"}],"about":[{"href":"https:\/\/oooh.events\/es\/wp-json\/wp\/v2\/types\/page"}],"author":[{"embeddable":true,"href":"https:\/\/oooh.events\/es\/wp-json\/wp\/v2\/users\/1"}],"replies":[{"embeddable":true,"href":"https:\/\/oooh.events\/es\/wp-json\/wp\/v2\/comments?post=38518"}],"version-history":[{"count":0,"href":"https:\/\/oooh.events\/es\/wp-json\/wp\/v2\/pages\/38518\/revisions"}],"wp:attachment":[{"href":"https:\/\/oooh.events\/es\/wp-json\/wp\/v2\/media?parent=38518"}],"curies":[{"name":"wp","href":"https:\/\/api.w.org\/{rel}","templated":true}]}}