{"id":38519,"date":"2020-05-07T11:12:08","date_gmt":"2020-05-07T09:12:08","guid":{"rendered":"https:\/\/oooh.events\/?page_id=38519"},"modified":"2020-05-07T11:12:09","modified_gmt":"2020-05-07T09:12:09","slug":"politica-de-cookies","status":"publish","type":"page","link":"https:\/\/oooh.events\/es\/politica-de-cookies\/","title":{"rendered":"Pol\u00ectica de Cookies"},"content":{"rendered":"\n<p><strong>\u00bfQu\u00e9 son las cookies?<\/strong><\/p>\n\n\n\n<p>Las Cookies, y otras t\u00e9cnicas similares, son ficheros de texto o imagen que el sitio web al que se accede instala en el equipo o dispositivo (PC, Smartphone, Tablet, etc.) del usuario para registrar la actividad de su navegaci\u00f3n a trav\u00e9s de las p\u00e1ginas y secciones de las Webs de Tixplan. Las Cookies se asocian \u00fanicamente a un c\u00f3digo (ID) que identifica el dispositivo y el navegador que utiliza en cada visita, por lo que no proporcionan referencias que permitan deducir otros datos personales del usuario.<br>\u00bfQue tipos de cookies hay?<br>En funci\u00f3n de su duraci\u00f3n, las Cookies pueden dividirse en: Cookies de sesi\u00f3n: Estas expiran cuando el Usuario cierra el navegador y se borran del ordenador o dispositivo en ese momento. Cookies persistentes: Expiran en funci\u00f3n de cu\u00e1ndo se cumpla el objetivo para el que sirven (por ejemplo, para que el Usuario se mantenga identificado en los servicios del Grupo Tixplan) o bien cuando se borran manualmente. En funci\u00f3n de qui\u00e9n crea la Cookie se clasifican en: Cookies propias: Son las que env\u00edan a tu ordenador o dispositivo nuestros Servicios Webs y son gestionadas exclusivamente por Tixplan. Cookies de terceros: Aquellas que son enviadas por entidades ajenas a Tixplan y que se activan cuando se accede desde nuestras Webs a redes sociales, a visualizar videos o al acceder a anuncios publicitarios.<\/p>\n\n\n\n<p><br><strong>a. Rendimiento<\/strong><br><\/p>\n\n\n\n<p>Estas Cookies se utilizan para mejorar su experiencia de navegaci\u00f3n y optimizar el funcionamiento de nuestros sitios Web. Almacenan configuraciones de servicios para que no tenga que reconfigurarlos cada vez que nos visite. Ajustes de volumen de reproductores de v\u00eddeo o sonido. Las velocidades de transmisi\u00f3n de v\u00eddeo que sean compatibles con su navegador. Los objetos guardados en el \u201ccarrito de la compra\u201d en los Servicios de E-commerce tales como tiendas.<\/p>\n\n\n\n<p><strong>b. Publicidad<\/strong><\/p>\n\n\n\n<p>Este tipo de Cookies permiten ampliar la informaci\u00f3n de los anuncios mostrados a cada Usuario an\u00f3nimo. Entre otros, se almacena la duraci\u00f3n o frecuencia de visualizaci\u00f3n de posiciones publicitarias, la interacci\u00f3n con las mismas, o los patrones de navegaci\u00f3n y\/o comportamientos del Usuario ya que ayudan a conformar un perfil de inter\u00e9s publicitario. De este modo, permiten ofrecer publicidad af\u00edn a los intereses del Usuario.<\/p>\n\n\n\n<p><strong>c. Registro<\/strong><\/p>\n\n\n\n<p>Las Cookies de registro se generan una vez que el Usuario se ha registrado o posteriormente ha abierto su sesi\u00f3n, y se utilizan para identificarle en los Servicios. Mantener al Usuario identificado, incluso si cierra nuestro sitio o el navegador, de modo que cuando vuelva a entrar en el mismo sitio seguir\u00e1 identificado. Si el Usuario cierra la sesi\u00f3n, se eliminar\u00e1 esta Cookie y la pr\u00f3xima vez que entre en el Servicio tendr\u00e1 que iniciar sesi\u00f3n para estar identificado. Comprobar si el Usuario est\u00e1 autorizado para acceder a ciertos Servicios, por ejemplo, para participar en un concurso. Adicionalmente, algunos Servicios pueden utilizar conectores con redes sociales tales como Facebook o Twitter. Cuando el Usuario se registra en un Servicio con credenciales de una red social, autoriza a la red social a guardar una Cookie persistente que recuerda su identidad y le garantiza acceso a los Servicios hasta que expira. El Usuario puede borrar esta Cookie y revocar el acceso a los Servicios mediante redes sociales actualizando sus preferencias en la red social que espec\u00edfica. Estas Cookies son utilizadas para averiguar en qu\u00e9 pa\u00eds se encuentra cuando se solicita un Servicio.<\/p>\n\n\n\n<p><strong>d. Geolocalizaci\u00f3n<\/strong><\/p>\n\n\n\n<p>Estas Cookies son totalmente an\u00f3nimas y s\u00f3lo se utiliza para ayudar a orientar el contenido a su ubicaci\u00f3n.<br>Cookies de terceros<br>Cada vez que un Usuario visita un Servicio, una herramienta de un proveedor externo genera una Cookie anal\u00edtica en el ordenador del Usuario. Esta Cookie que s\u00f3lo se genera en la visita, servir\u00e1 en pr\u00f3ximas visitas a los Servicios Tixplan para identificar de forma an\u00f3nima al visitante. Permitir la identificaci\u00f3n an\u00f3nima de los Usuarios navegantes a trav\u00e9s de la \u201cCookie\u201d (identifica navegadores y dispositivos, no personas) y por lo tanto la contabilizaci\u00f3n aproximada del n\u00famero de visitantes y su tendencia en el tiempo. Identificar de forma an\u00f3nima los contenidos m\u00e1s visitados y m\u00e1s atractivos para los Usuarios. Saber si el Usuario que est\u00e1 accediendo es nuevo o repite visita. Salvo que el Usuario decida registrarse en un Servicio Tixplan, la \u201cCookie\u201d nunca ir\u00e1 asociada a ning\u00fan dato de car\u00e1cter personal que pueda identificarle directamente. Dichas Cookies s\u00f3lo ser\u00e1n utilizadas con prop\u00f3sitos estad\u00edsticos que ayuden a la optimizaci\u00f3n y mejora de la experiencia de los Usuarios en el sitio.<\/p>\n\n\n\n<p>Adem\u00e1s de la publicidad gestionada por las Webs de Tixplan en sus Servicios, las Webs de Tixplan ofrecen a sus anunciantes la opci\u00f3n de servir anuncios a trav\u00e9s de terceros. De este modo, estos terceros pueden almacenar Cookies enviadas desde los Servicios de Tixplan procedentes de los navegadores de los Usuarios, as\u00ed como acceder a los datos que en ellas se guardan. Las empresas que generan estas Cookies tienen sus propias pol\u00edticas de privacidad.<\/p>\n\n\n\n<p>En el sitio web www.youronlinechoices.com encuentran informaciones adicionales de c\u00f3mo funcionan la publicidad comportamental y m\u00e1s informaciones sobre las cookies adem\u00e1s y los pasos necesarios para proteger la privacidad en Internet.<br>Qu\u00e9 cookies utiliza este sitio web, las principales caracter\u00edsticas, y c\u00f3mo denegar el consentimiento a cualquiera de ellas.<br>Este mismo sitio web puede generar cookies seg\u00fan el siguiente listado y para los siguientes fines:<br>Cookies a terceros.<br>El Usuario, en todo momento, podr\u00e1 rechazar la instalaci\u00f3n de Cookies a trav\u00e9s de la configuraci\u00f3n del navegador que utilice:<br>Internet Explorer:<br>Herramientas -&gt; Opciones de Internet -&gt; Privacidad -&gt; Configuraci\u00f3n. Para m\u00e1s informaci\u00f3n, puede consultar el soporte de Microsoft o la Ayuda del navegador.<br>Firefox:<br>Herramientas -&gt; Opciones -&gt; Privacidad -&gt; Historial -&gt; Configuraci\u00f3n Personalizada. Para m\u00e1s informaci\u00f3n, puede consultar el soporte de Mozilla o la Ayuda del navegador.<br>Chrome:<br>Configuraci\u00f3n -&gt; Mostrar opciones avanzadas -&gt; Privacidad -&gt; Configuraci\u00f3n de contenido. Para m\u00e1s informaci\u00f3n, puede consultar el soporte de Google o la Ayuda del navegador.<br>Safari:<br>Preferencias -&gt; Seguridad. Para m\u00e1s informaci\u00f3n, puede consultar el soporte de Apple o la Ayuda del navegador.<br>Para desactivar las cookies Flash<br>http:\/\/www.macromedia.com\/support\/documentation\/en\/flashplayer\/help\/settings_manager02.html#118539<\/p>\n","protected":false},"excerpt":{"rendered":"<p>\u00bfQu\u00e9 son las cookies? Las Cookies, y otras t\u00e9cnicas similares, son ficheros de texto o imagen que el sitio web al que se accede instala en el equipo o dispositivo (PC, Smartphone, Tablet, etc.) del usuario para registrar la actividad<span class=\"ellipsis\">&hellip;<\/span><\/p>\n<div class=\"read-more\"><a href=\"https:\/\/oooh.events\/es\/politica-de-cookies\/\">Leer m\u00e1s &gt;<\/a><\/div>\n<p><!-- end of .read-more --><\/p>\n","protected":false},"author":1,"featured_media":0,"parent":0,"menu_order":0,"comment_status":"closed","ping_status":"closed","template":"","meta":{"_acf_changed":false,"footnotes":""},"class_list":["post-38519","page","type-page","status-publish","hentry"],"acf":[],"_links":{"self":[{"href":"https:\/\/oooh.events\/es\/wp-json\/wp\/v2\/pages\/38519","targetHints":{"allow":["GET"]}}],"collection":[{"href":"https:\/\/oooh.events\/es\/wp-json\/wp\/v2\/pages"}],"about":[{"href":"https:\/\/oooh.events\/es\/wp-json\/wp\/v2\/types\/page"}],"author":[{"embeddable":true,"href":"https:\/\/oooh.events\/es\/wp-json\/wp\/v2\/users\/1"}],"replies":[{"embeddable":true,"href":"https:\/\/oooh.events\/es\/wp-json\/wp\/v2\/comments?post=38519"}],"version-history":[{"count":0,"href":"https:\/\/oooh.events\/es\/wp-json\/wp\/v2\/pages\/38519\/revisions"}],"wp:attachment":[{"href":"https:\/\/oooh.events\/es\/wp-json\/wp\/v2\/media?parent=38519"}],"curies":[{"name":"wp","href":"https:\/\/api.w.org\/{rel}","templated":true}]}}