{"id":38520,"date":"2020-05-07T11:15:11","date_gmt":"2020-05-07T09:15:11","guid":{"rendered":"https:\/\/oooh.events\/?page_id=38520"},"modified":"2025-05-12T23:48:18","modified_gmt":"2025-05-12T21:48:18","slug":"terminos-y-condiciones-de-uso","status":"publish","type":"page","link":"https:\/\/oooh.events\/es\/terminos-y-condiciones-de-uso\/","title":{"rendered":"TERMINOS Y CONDICIONES DE USO"},"content":{"rendered":"\n<p>Por favor, lean atentamente las condiciones del uso de nuestra taquilla self-service online.<\/p>\n\n\n\n<p><strong>DEFINICI\u00d3N<\/strong><\/p>\n\n\n\n<p>A. <strong>Evento<\/strong><br>Un evento, en este contesto, se re ere a un acontecimiento que se desarrollar\u00e1 en un lugar y un momento determinado donde un p\u00fablico podr\u00e1 asistir al evento referido (espect\u00e1culo, exhibici\u00f3n, curso, reuni\u00f3n profesional o de asociaci\u00f3n etc.).<br>La participaci\u00f3n al evento podr\u00e1 ser gratuita o el organizador podr\u00e1 solicitar un pago de cuota para el acceso.<\/p>\n\n\n\n<p>B. <strong>Participante<\/strong><br>El participante o espectador de un evento es el cliente nal que tiene la facultad de asistir a ese determinado evento en el momento que ha comprado o adquirido de forma gratuita una entrada para el evento en cuesti\u00f3n.<\/p>\n\n\n\n<p>C. <strong>Organizador<\/strong><br>El organizador es el sujeto (persona f\u00edsica o sociedad) que de ne los contenidos y las modalidades de ejecuci\u00f3n de un evento (precio, lugar, condiciones). Es el \u00fanico responsable del \u00e9xito del evento, as\u00ed como de todos sus aspectos legales y scales.<\/p>\n\n\n\n<p>D. <strong>Entrada o ticket<\/strong><br>Una entrada o billete de ingreso (ticket) es el documento emitido por OOOH.Events que consiente al participante (cliente nal\/espectador) de asistir a un evento espec\u00edfico publicado en OOOH.Events.<\/p>\n\n\n\n<p><strong>CONDICIONES<\/strong><\/p>\n\n\n\n<ol class=\"wp-block-list\">\n<li><strong>Servicio ofrecido por OOOH.Events<\/strong><\/li>\n<\/ol>\n\n\n\n<p>El servicio ofrecido por este sitio web puede ser de nido como una taquilla self-service online. En otras palabras, el organizador, despu\u00e9s de haberse registrado en el sitio web con sus propios datos, puede crear aut\u00f3nomamente un evento de niendo todos los aspectos: im\u00e1genes, v\u00eddeos, descripci\u00f3n, condiciones de acceso, venta, eventuales reembolsos, precios, sedes\u2026<\/p>\n\n\n\n<ol start=\"2\" class=\"wp-block-list\">\n<li><strong>Cobertura Geogr\u00e1fica y Moneda<\/strong><\/li>\n<\/ol>\n\n\n\n<p>El servicio ofrecido por OOOH.Events est\u00e1 disponible para todos los pa\u00edses; la moneda gestionada es el Euro, y las transferencias se realizan exclusivamente en Euros. Las transferencias dentro del \u00e1rea SEPA son gratuitas; sin embargo, las comisiones bancarias por transferencias a bancos fuera del \u00e1rea SEPA ser\u00e1n cobradas al organizador. En consecuencia, no se realizar\u00e1 ninguna transferencia bancaria si las comisiones bancarias superan los ingresos de las ventas del evento.<\/p>\n\n\n\n<ol start=\"3\" class=\"wp-block-list\">\n<li><strong>Tipolog\u00eda de eventos<\/strong><\/li>\n<\/ol>\n\n\n\n<p>Con OOOH.Events es posible crear y encargarse de la emisi\u00f3n de entradas de acceso a eventos gratuitos o de pago<\/p>\n\n\n\n<ol start=\"4\" class=\"wp-block-list\">\n<li><strong>Entradas y paquetes promocionales<\/strong><\/li>\n<\/ol>\n\n\n\n<p>Entradas \u2018Bundle\u2019\/ Paquetes Combo<\/p>\n\n\n\n<p>El organizador podr\u00e1 crear paquetes combo asociando uno o m\u00e1s entradas de acceso a la venta de un bien o servicio adicional (p. ej. : restaurantes, gadgets, hoteles, etc. )<\/p>\n\n\n\n<ol start=\"5\" class=\"wp-block-list\">\n<li><strong>Responsabilidad del organizador<\/strong><\/li>\n<\/ol>\n\n\n\n<p>El organizador es el \u00fanico responsable del tipo de evento, de los contenidos y los temas tratados en el curso del mismo, de la veracidad de las informaciones descritas en la descripci\u00f3n del evento y en el per l del organizador.<br>El organizador utilizando nuestro servicio acepta en su totalidad las condiciones de uso aqu\u00ed indicadas y garantiza tambi\u00e9n que:<\/p>\n\n\n\n<p>los materiales utilizados ( textos, im\u00e1genes, v\u00eddeos) en la presentaci\u00f3n del evento no violan de ninguna manera los derechos a terceros, comprendidos en la tutela del copyright, marcas registradas, patentes y la tutela de la privacidad.<\/p>\n\n\n\n<p>Las informaciones fiscales (nombre del negocio, sede, IVA) son veraces.<\/p>\n\n\n\n<ol start=\"6\" class=\"wp-block-list\">\n<li><strong>Eventos no consentidos<\/strong><\/li>\n<\/ol>\n\n\n\n<p>No se admiten eventos que traten tem\u00e1ticas difamatorias, ofensivas para otros de cualquier naturaleza o morales, pornogr\u00e1 cas, obscenas, vulgares, intimidatorias, que ofendan la libertad de culto, que instiguen la violencia o la intolerancia hacia otras religiones, que alienten o sugieran actividades ilegales que infrinjan el respeto de la privacidad y del copyright.<br>Por lo tanto, OOOH.Events se reserva el derecho, a su exclusivo y absoluto criterio, de suspender la publicaci\u00f3n de cualquier evento que no cumpla con lo establecido en este apartado o que, de cualquier manera, perjudique su imagen o actividad: en tal caso las eventuales ventas de entradas para el evento suspendido ser\u00edan inmediatamente reembolsables a los clientes participantes, con la exclusi\u00f3n del coste del proceso de pago de OOOH.Events ya que el servicio ya habr\u00e1 sido realizado.<\/p>\n\n\n\n<ol start=\"7\" class=\"wp-block-list\">\n<li><strong>Eventos gratuitos con pago diferido (offline)<\/strong><\/li>\n<\/ol>\n\n\n\n<p>Est\u00e1 prohibida la publicaci\u00f3n de eventos gratuitos, cuando en realidad se pida un pago de una cuota externa a nuestro sitio web. Cualquier evento con gurado de esta manera ser\u00e1 eliminado y la cuenta del organizador ser\u00e1 bloqueada.<\/p>\n\n\n\n<ol start=\"8\" class=\"wp-block-list\">\n<li><strong>Costes del servicio e instrumentos de pago<\/strong><\/li>\n<\/ol>\n\n\n\n<p>El coste del servicio de OOOH.Events, aplicado a cada ticket de acceso vendido, est\u00e1 compuesto de una comisi\u00f3n ja m\u00e1s una variable.<br>El importe total as\u00ed calculado se incluye en el precio del billete de nido por el organizador.<br>En la secci\u00f3n tarifas de nuestro sitio web encontrar\u00e9is los detalles de los costes.<\/p>\n\n\n\n<ol start=\"9\" class=\"wp-block-list\">\n<li><strong>Distribuci\u00f3n de los ingresos de las ventas y de las obligaciones scales<\/strong><\/li>\n<\/ol>\n\n\n\n<p>Desde el momento que el coste del servicio est\u00e1 incluido en el precio del billete, OOOH.Events emite para el cliente participante un recibo. El organizador a su vez tendr\u00e1 que proveer al participante en el evento, el recibo o factura por el importe de la entrada o del paquete combo en base a las disposiciones scales de las que son objeto.<br>El importe recogido para OOOH.Events de la venta de las entradas ser\u00e1 enviado al organizador por transferencia, despu\u00e9s de 5 d\u00edas de la fecha del evento mismo, para consentir al participante de se\u00f1alar cualquier eventualidad, como la no realizaci\u00f3n del mismo.<br>Si los participantes se\u00f1alaran que el evento no tuvo lugar OOOH.Events verificando previamente, proveer\u00eda a reembolsar s\u00f3lo el importe de la entrada, pues el resto del servicio ya habr\u00eda sido ejecutado, prescindiendo de si el evento hubiera tenido lugar o menos.<br>OOOH.Events, como servicio de taquilla que es, no es responsable de la calidad del evento o de los servicios relacionados y de la satisfacci\u00f3n del participante.<\/p>\n\n\n\n<ol start=\"10\" class=\"wp-block-list\">\n<li><strong>Anulaciones, reembolsos, aplazamientos de un evento<\/strong><\/li>\n<\/ol>\n\n\n\n<p>Las pol\u00edticas de reembolso tienen que estar siempre de nidas por el organizador. En cada caso la solicitud de reembolso debe ser dirigida siempre al organizador porque OOOH.Events no tiene la capacidad de decidir de conceder o menos un reembolso.<br>En caso de aplazamiento de un evento, ser\u00e1 siempre el organizador a definir la modalidad de reembolso o reutilizaci\u00f3n de la entrada.<br>Las comisiones de servicio aplicadas a OOOH.Events, as\u00ed como las comisiones del procesador de pagos, no ser\u00e1n reembolsadas en ning\u00fan caso, visto que el servicio ya habr\u00e1 sido entregado por OOOH.Events (preventa de la entrada) y el procesador de pagos (pago online) tambi\u00e9n ya habr\u00e1 sido ejecutado.<\/p>\n\n\n\n<ol start=\"11\" class=\"wp-block-list\">\n<li><strong>P\u00e9rdida o robo de la entrada de acceso<\/strong><\/li>\n<\/ol>\n\n\n\n<p>Las entradas se pueden siempre descargar en formato PDF en el \u00e1rea \u2018Tus Entradas\u2019 dentro de nuestra web.<br>Las entradas son nominativas; por lo tanto en caso de p\u00e9rdida de un PDF ya imprimido, solo el titular de la entrada podr\u00e1 utilizarlo para acceder al evento.<\/p>\n\n\n\n<ol start=\"12\" class=\"wp-block-list\">\n<li><strong>Modificaci\u00f3n de un evento o del perfil del organizador<\/strong><\/li>\n<\/ol>\n\n\n\n<p>No es posible modificar un evento despu\u00e9s de haber vendido aunque s\u00f3lo sea un ticket de entrada. Esta limitaci\u00f3n sirve para tutelar al participante y para evitar que se vendan entradas presentadas de una manera y que luego se modi que de forma substancial.<br>Del mismo modo, y siempre por la tutela de la transparencia hacia los usuarios nales, el per l del organizador no puede ser modi cado: si fuera necesario hacer alg\u00fan cambio en el per l ( p. ej. cambio de raz\u00f3n social o de sede legal) el organizador puede crear una nueva cuenta o contactar con nuestro soporte cliente para solicitar la modificaci\u00f3n.<\/p>\n\n\n\n<ol start=\"13\" class=\"wp-block-list\">\n<li><strong>Cesi\u00f3n, venta o transferencia de una entrada de acceso<\/strong><\/li>\n<\/ol>\n\n\n\n<p>Cada entrada es nominativa y por lo tanto no puede ser cedida a terceros, ni gratuita ni de pago.<\/p>\n\n\n\n<ol start=\"14\" class=\"wp-block-list\">\n<li><strong>Cesi\u00f3n de datos al organizador<\/strong><\/li>\n<\/ol>\n\n\n\n<p>OOOH.Events compartir\u00e1 con el organizador los datos de registro y scales publicados por cada participante en el evento de ese mismo organizador, para consentir a este \u00faltimo de predisponer los recibos o facturas &#8211; obligatorias por ley &#8211; relativas a la entrada de acceso y a eventuales servicios o bienes enlazados.<\/p>\n\n\n\n<ol start=\"15\" class=\"wp-block-list\">\n<li><strong>Reporte de los usuarios<\/strong><\/li>\n<\/ol>\n\n\n\n<p>Los usuarios podr\u00e1n se\u00f1alar eventuales anomal\u00edas, como el uso impropio del servicio y\/o violaciones del presente reglamento tr\u00e1mite el email <a href=\"mailto:abuse@oooh.events\">abuse@oooh.events<\/a>.<\/p>\n\n\n\n<ol start=\"16\" class=\"wp-block-list\">\n<li><strong>Responsabilidades<\/strong><\/li>\n<\/ol>\n\n\n\n<ul class=\"wp-block-list\">\n<li>Continuidad del servicio<br>Para el suministro del propio servicio OOOH.Events se avala de la colaboraci\u00f3n de una serie de proveedores que garantizan la continuidad del servicio en el l\u00edmite de las posibilidades ofrecidas por la tecnolog\u00eda y la disponibilidad de la red internet y de la conectividad internacional.<br>OOOH.Events ha dimensionado sus propios recursos para poder disponer de soluciones de backup (copias de seguridad) autom\u00e1ticas que funcionan en el caso de alg\u00fan fallo t\u00e9cnico.<br>De todas maneras OOOH.Events y la sociedad que lo gestiona, Tixplan, no se podr\u00e1n considerar responsables en caso de interrupci\u00f3n del servicio o debido a fallos t\u00e9cnicos graves, como ca\u00edda de conectividad de la red internet u otras causas de fuerza mayor.<\/li>\n\n\n\n<li>Responsabilidades comerciales<br>El servicio ofrecido por OOOH.Events representa una v\u00e1lida oportunidad para el organizador de eventos peque\u00f1os o medianos, que desee dotarse de una m\u00e1s moderna forma de venta online, sin tener que invertir en un sistema de taquilla tradicional.<br>Por este motivo, y por la naturaleza misma del servicio ofrecido, la soluci\u00f3n self-service no puede garantizar los mismos est\u00e1ndares de abilidad propios de una taquilla tradicional in situ, como incluir un servicio de asistencia t\u00e9cnica y una serie de procedimientos de emergencia en caso de fallo o de mal funcionamiento.<br>Se conf\u00eda, por lo tanto, al criterio individual del organizador para decidir de valerse o no de un servicio exclusivo online como el presente o dotarse tambi\u00e9n de m\u00e1s servicios (online o in situ) para afrontar correctamente cualquier emergencia o momento cr\u00edtico.<br>OOOH.Events no asume ninguna responsabilidad por da\u00f1os directos o indirectos, accidentales o de otro tipo relacionados con la imposibilidad de acceder a los servicios ofrecidos, aunque Tixplan (propietario del servicio de OOOH.Events) haya sido informado de la posibilidad de tales da\u00f1os.<\/li>\n\n\n\n<li>Datos confidenciales<br>OOOH.Events no pude acceder a las tarjetas de cr\u00e9dito de los clientes propios que vienen introducidos directamente en la web del procesador de pagos y por lo tanto no conserva ning\u00fan dato con dencial o reservado en el propio server.<\/li>\n<\/ul>\n\n\n\n<ol start=\"17\" class=\"wp-block-list\">\n<li><strong>Herramientas de pago<\/strong><\/li>\n<\/ol>\n\n\n\n<p>Los pagos de las entradas de acceso o de los servicios relacionados pueden efectuarse exclusivamente tr\u00e1mite los procesadores de pagos presente en nuestra web.<\/p>\n\n\n\n<ol start=\"18\" class=\"wp-block-list\">\n<li><strong>Nombre de usuario impropio<\/strong><\/li>\n<\/ol>\n\n\n\n<p>OOOH.Events se reserva el derecho de rechazar el registro de un usuario y de eliminar su cuenta en el caso que el usuario escoja un nombre que a juicio de OOOH.Events sea obsceno, indecente, vulgar o impropio.<\/p>\n\n\n\n<ol start=\"19\" class=\"wp-block-list\">\n<li><strong>Foro Competente<\/strong><\/li>\n<\/ol>\n\n\n\n<p>Para cualquier controversia ser\u00e1 competente en exclusiva el \u2018Foro di Roma\u2019<\/p>\n\n\n\n<p>referencias:<br><a href=\"https:\/\/europa.eu\/youreurope\/citizens\/consumers\/shopping\/guarantees-returns\/index_es.htm\">Garant\u00edas y devoluciones (Uni\u00f3n Europea)<\/a><\/p>\n\n\n\n<p>S\u00f3lo para eventos celebrados en Italia:<br><a href=\"https:\/\/www.agenziaentrate.gov.it\/portale\/documents\/20143\/275244\/Decreto+del+23+07+2001_Decreto+23+luglio+2001.pdf\" target=\"_blank\" rel=\"noreferrer noopener\">Provvedimento Agenzia delle Entrate del 23\/7\/2001<\/a><br><a href=\"https:\/\/www.agenziaentrate.gov.it\/portale\/documents\/20143\/275244\/Provvedimento+del+22+10+2002_Provvedimento+AE+22+ottobre+2002.pdf\" target=\"_blank\" rel=\"noreferrer noopener\">Provvedimento Agenzia delle Entrate del 22\/10\/2002<\/a><br><a href=\"https:\/\/www.agenziaentrate.gov.it\/portale\/documents\/20143\/275244\/Provvedimento+del+04+03+2008_Provvedimento+AE+4+marzo+2008.pdf\" target=\"_blank\" rel=\"noreferrer noopener\">Provvedimento Agenzia delle Entrate del 4\/3\/2008<\/a><br><a href=\"https:\/\/www.agenziaentrate.gov.it\/portale\/documents\/20143\/1646898\/Provvedimento%2Bdel%2B27%2Bgiugno%2B2019%2Bsecondary%2Bticketing.pdf\/d72cb570-41b3-3c47-1bce-6aa4e98ef205\">Provvedimento Agenzia delle Entrate del 27\/6\/2019<\/a><\/p>\n","protected":false},"excerpt":{"rendered":"<p>Por favor, lean atentamente las condiciones del uso de nuestra taquilla self-service online. DEFINICI\u00d3N A. EventoUn evento, en este contesto, se re ere a un acontecimiento que se desarrollar\u00e1 en un lugar y un momento determinado donde un p\u00fablico podr\u00e1<span class=\"ellipsis\">&hellip;<\/span><\/p>\n<div class=\"read-more\"><a href=\"https:\/\/oooh.events\/es\/terminos-y-condiciones-de-uso\/\">Leer m\u00e1s &gt;<\/a><\/div>\n<p><!-- end of .read-more --><\/p>\n","protected":false},"author":1,"featured_media":0,"parent":0,"menu_order":0,"comment_status":"closed","ping_status":"closed","template":"","meta":{"_acf_changed":false,"footnotes":""},"class_list":["post-38520","page","type-page","status-publish","hentry"],"acf":[],"_links":{"self":[{"href":"https:\/\/oooh.events\/es\/wp-json\/wp\/v2\/pages\/38520","targetHints":{"allow":["GET"]}}],"collection":[{"href":"https:\/\/oooh.events\/es\/wp-json\/wp\/v2\/pages"}],"about":[{"href":"https:\/\/oooh.events\/es\/wp-json\/wp\/v2\/types\/page"}],"author":[{"embeddable":true,"href":"https:\/\/oooh.events\/es\/wp-json\/wp\/v2\/users\/1"}],"replies":[{"embeddable":true,"href":"https:\/\/oooh.events\/es\/wp-json\/wp\/v2\/comments?post=38520"}],"version-history":[{"count":0,"href":"https:\/\/oooh.events\/es\/wp-json\/wp\/v2\/pages\/38520\/revisions"}],"wp:attachment":[{"href":"https:\/\/oooh.events\/es\/wp-json\/wp\/v2\/media?parent=38520"}],"curies":[{"name":"wp","href":"https:\/\/api.w.org\/{rel}","templated":true}]}}