{"id":38605,"date":"2020-05-06T18:34:20","date_gmt":"2020-05-06T16:34:20","guid":{"rendered":"https:\/\/oooh.events\/?page_id=38605"},"modified":"2021-04-06T17:43:46","modified_gmt":"2021-04-06T15:43:46","slug":"oooh-events-taquilla-para-eventos-como-funciona","status":"publish","type":"page","link":"https:\/\/oooh.events\/es\/oooh-events-taquilla-para-eventos-como-funciona\/","title":{"rendered":"OOOH.EVENTS TAQUILLA PARA EVENTOS: \u00bfC\u00d3MO FUNCIONA?"},"content":{"rendered":"\n<h2 class=\"wp-block-heading\"><strong>OOOH.Events es una plataforma para la gesti\u00f3n de ventas de entradas online<\/strong><\/h2>\n\n\n\n<div style=\"height:50px\" aria-hidden=\"true\" class=\"wp-block-spacer\"><\/div>\n\n\n\n<div class=\"wp-block-media-text alignwide is-stacked-on-mobile is-vertically-aligned-top\" style=\"grid-template-columns:15% auto\"><figure class=\"wp-block-media-text__media\"><img loading=\"lazy\" decoding=\"async\" width=\"250\" height=\"250\" src=\"https:\/\/oooh.events\/wp-content\/uploads\/2019\/12\/OOOH.Events-biglietteria-per-eventi.png\" alt=\"OOOH.Events biglietteria per eventi\" class=\"wp-image-34402 size-full\" srcset=\"https:\/\/oooh.events\/wp-content\/uploads\/2019\/12\/OOOH.Events-biglietteria-per-eventi.png 250w, https:\/\/oooh.events\/wp-content\/uploads\/2019\/12\/OOOH.Events-biglietteria-per-eventi-150x150.png 150w, https:\/\/oooh.events\/wp-content\/uploads\/2019\/12\/OOOH.Events-biglietteria-per-eventi-70x70.png 70w, https:\/\/oooh.events\/wp-content\/uploads\/2019\/12\/OOOH.Events-biglietteria-per-eventi-75x75.png 75w, https:\/\/oooh.events\/wp-content\/uploads\/2019\/12\/OOOH.Events-biglietteria-per-eventi-140x140.png 140w\" sizes=\"auto, (max-width: 250px) 100vw, 250px\" \/><\/figure><div class=\"wp-block-media-text__content\">\n<p class=\"has-medium-font-size\">Con OOOH.Events podr\u00e1s <strong>vender entradas online<\/strong> para tus conciertos, eventos en vivo, cursos de formaci\u00f3n, reuniones y conferencias, visitas guiadas etc. Es decir, podr\u00e1s usar nuestra plataforma para todas las ocasiones en las que sea necesario administrar las entradas de un p\u00fablico de pago o gratuito.<\/p>\n\n\n\n<p class=\"has-medium-font-size\">Si deseas m\u00e1s detalles, visita la p\u00e1gina: <a href=\"https:\/\/oooh.events\/es\/taquilla-online-gratis-oooh-events\/\">Qu\u00e9 es OOOH.Events<\/a>.<\/p>\n<\/div><\/div>\n\n\n\n<div style=\"height:50px\" aria-hidden=\"true\" class=\"wp-block-spacer\"><\/div>\n\n\n\n<h2 class=\"wp-block-heading\"><strong>\u00bfA qui\u00e9n va dirigido?<\/strong><\/h2>\n\n\n\n<div class=\"wp-block-media-text alignwide has-media-on-the-right is-stacked-on-mobile is-vertically-aligned-top\" style=\"grid-template-columns:auto 15%\"><figure class=\"wp-block-media-text__media\"><img loading=\"lazy\" decoding=\"async\" width=\"250\" height=\"250\" src=\"https:\/\/oooh.events\/wp-content\/uploads\/2019\/12\/biglietteria-automatizzata-siae.png\" alt=\"\" class=\"wp-image-34403 size-full\" srcset=\"https:\/\/oooh.events\/wp-content\/uploads\/2019\/12\/biglietteria-automatizzata-siae.png 250w, https:\/\/oooh.events\/wp-content\/uploads\/2019\/12\/biglietteria-automatizzata-siae-150x150.png 150w, https:\/\/oooh.events\/wp-content\/uploads\/2019\/12\/biglietteria-automatizzata-siae-70x70.png 70w, https:\/\/oooh.events\/wp-content\/uploads\/2019\/12\/biglietteria-automatizzata-siae-75x75.png 75w, https:\/\/oooh.events\/wp-content\/uploads\/2019\/12\/biglietteria-automatizzata-siae-140x140.png 140w\" sizes=\"auto, (max-width: 250px) 100vw, 250px\" \/><\/figure><div class=\"wp-block-media-text__content\">\n<p class=\"has-medium-font-size\">OOOH.Events es un sistema de <strong>venta de entradas online self-service<\/strong>, gratuito para los organizadores de cualquier tipo de evento. Podr\u00e1s usarlo para gestionar las ventas (o las entradas, si el acceso es gratuito) de eventos musicales, eventos en vivo, teatro, cine y crear y gestionar entradas para todo tipo de eventos. Tambi\u00e9n es una herramienta ideal<br>para eventos deportivos o degustaciones, exposiciones, espect\u00e1culos, visitas guiadas e<br>incluso cursos de formaci\u00f3n, reuniones, conferencias, congresos, talleres etc.<\/p>\n\n\n\n<p class=\"has-medium-font-size\">Podr\u00e1s crear un evento privado para gestionar invitaciones a una conferencia de prensa, para la presentaci\u00f3n de un libro e incluso organizar un rally de motocicletas, o la venta de sombrillas y tumbonas de tu balneario, invitaciones a una fiesta privada y mucho m\u00e1s.<\/p>\n\n\n\n<p class=\"has-medium-font-size\">La herramienta es muy flexible y se puede adaptar a las necesidades m\u00e1s variopintas.<\/p>\n<\/div><\/div>\n\n\n\n<div style=\"height:50px\" aria-hidden=\"true\" class=\"wp-block-spacer\"><\/div>\n\n\n\n<h2 class=\"wp-block-heading\"><strong>C\u00f3mo funciona si eres organizador<\/strong><\/h2>\n\n\n\n<div class=\"wp-block-media-text alignwide is-stacked-on-mobile is-vertically-aligned-top\" style=\"grid-template-columns:15% auto\"><figure class=\"wp-block-media-text__media\"><img loading=\"lazy\" decoding=\"async\" width=\"250\" height=\"250\" src=\"https:\/\/oooh.events\/wp-content\/uploads\/2019\/12\/biglietteria-per-eventi-oganizzatori.png\" alt=\"OOOH.Events biglietteria per organizzatori\" class=\"wp-image-34405 size-full\" srcset=\"https:\/\/oooh.events\/wp-content\/uploads\/2019\/12\/biglietteria-per-eventi-oganizzatori.png 250w, https:\/\/oooh.events\/wp-content\/uploads\/2019\/12\/biglietteria-per-eventi-oganizzatori-150x150.png 150w, https:\/\/oooh.events\/wp-content\/uploads\/2019\/12\/biglietteria-per-eventi-oganizzatori-70x70.png 70w, https:\/\/oooh.events\/wp-content\/uploads\/2019\/12\/biglietteria-per-eventi-oganizzatori-75x75.png 75w, https:\/\/oooh.events\/wp-content\/uploads\/2019\/12\/biglietteria-per-eventi-oganizzatori-140x140.png 140w\" sizes=\"auto, (max-width: 250px) 100vw, 250px\" \/><\/figure><div class=\"wp-block-media-text__content\">\n<ul class=\"has-medium-font-size wp-block-list\"><li>Subscr\u00edbete y completa tu perfil de organizador<\/li><li>Haz clic en CREAR EVENTO;<\/li><li>Configura tu evento: descripci\u00f3n, fotos, v\u00eddeos, lugar. Resalta en la descripci\u00f3n todos los asuntos \u00fatiles (por ejemplo: pol\u00edtica sobre devoluciones, cancelaciones, ni\u00f1os s\u00ed\/no, c\u00f3mo comunicarse conmigo, etc., etc.);<\/li><li>Establece la fecha de tu evento, el precio de las entradas y el per\u00edodo de ventas;<\/li><li>\u00a1Publica el evento y empieza a vender entradas ahora!<\/li><li>Encontrar\u00e1s las estad\u00edsticas de ventas en tiempo real tanto en tu perfil de nuestro sitio web como en nuestra aplicaci\u00f3n m\u00f3vil gratuita para iOS y Android, con la que tambi\u00e9n podr\u00e1s administrar el control de acceso el d\u00eda del evento.<\/li><\/ul>\n\n\n\n<p>\u00bfQuieres m\u00e1s informaci\u00f3n?<\/p>\n\n\n\n<div class=\"wp-block-button\"><a class=\"wp-block-button__link has-very-dark-gray-color has-luminous-vivid-amber-background-color has-text-color has-background\" href=\"mailto:info@oooh.events?subject=vorrei essere contattato per avere maggiori informazioni sul vostro servizio\" style=\"border-radius:5px\" target=\"_blank\" rel=\"noreferrer noopener\"><strong>CONTACTO<\/strong><\/a><\/div>\n\n\n\n<p><\/p>\n<\/div><\/div>\n\n\n\n<div style=\"height:50px\" aria-hidden=\"true\" class=\"wp-block-spacer\"><\/div>\n\n\n\n<h2 class=\"wp-block-heading\"><strong>C\u00d3MO FUNCIONA SI ERES ASISTENTE \/ ESPECTADOR<\/strong><\/h2>\n\n\n\n<div class=\"wp-block-media-text alignwide is-stacked-on-mobile is-vertically-aligned-top\" style=\"grid-template-columns:15% auto\"><figure class=\"wp-block-media-text__media\"><img loading=\"lazy\" decoding=\"async\" width=\"250\" height=\"250\" src=\"https:\/\/oooh.events\/wp-content\/uploads\/2019\/12\/biglietteria-per-eventi-spettatori.png\" alt=\"OOOH.Events biglietteria per eventi spettatori\" class=\"wp-image-34407 size-full\" srcset=\"https:\/\/oooh.events\/wp-content\/uploads\/2019\/12\/biglietteria-per-eventi-spettatori.png 250w, https:\/\/oooh.events\/wp-content\/uploads\/2019\/12\/biglietteria-per-eventi-spettatori-150x150.png 150w, https:\/\/oooh.events\/wp-content\/uploads\/2019\/12\/biglietteria-per-eventi-spettatori-70x70.png 70w, https:\/\/oooh.events\/wp-content\/uploads\/2019\/12\/biglietteria-per-eventi-spettatori-75x75.png 75w, https:\/\/oooh.events\/wp-content\/uploads\/2019\/12\/biglietteria-per-eventi-spettatori-140x140.png 140w\" sizes=\"auto, (max-width: 250px) 100vw, 250px\" \/><\/figure><div class=\"wp-block-media-text__content\">\n<ul class=\"has-medium-font-size wp-block-list\"><li>selecciona el evento que te interesa;<\/li><li>selecciona la entrada y la cantidad deseada;<\/li><li>si no lo has hecho antes, se te pedir\u00e1 que inicies una sesi\u00f3n (o que te registres);<\/li><li>sigue las instrucciones para la compra: puedes comprar entradas pagando con cr\u00e9dito, d\u00e9bito, tarjeta recargable, PostePay y cualquier tarjeta de los circuitos Visa, Visa Electron, Mastercard;<\/li><li>una vez completada la compra, encontrar\u00e1s el PDF con tus entradas en el \u00e1rea MY TICKETS (y tambi\u00e9n te lo enviaremos por correo electr\u00f3nico): guarda el PDF en tu smartphone y mu\u00e9strelo a la puerta del evento, eso ser\u00e1 tu entrada. Si lo prefieres, tambi\u00e9n podr\u00e1s imprimir el PDF y luego presentarlo a la puerta del evento.<\/li><\/ul>\n<\/div><\/div>\n\n\n\n<div style=\"height:50px\" aria-hidden=\"true\" class=\"wp-block-spacer\"><\/div>\n\n\n\n<p class=\"has-medium-font-size\">Revisa las <a href=\"https:\/\/oooh.events\/es\/terminos-y-condiciones-de-uso\/\">condiciones generales<\/a> para conocer las normas de este servicio<\/p>\n\n\n\n<div style=\"height:50px\" aria-hidden=\"true\" class=\"wp-block-spacer\"><\/div>\n\n\n\n<p style=\"text-align: center;\">\n<a href=\"https:\/\/play.google.com\/store\/apps\/details?id=com.tixproduction.ooohevents&amp;pcampaignid=pcampaignidMKT-Other-global-all-co-prtnr-py-PartBadge-Mar2515-1\"><img decoding=\"async\" alt=\"Disponibile su Google Play\" src=\"https:\/\/oooh.events\/wp-content\/uploads\/2019\/12\/google-play.png\" style=\"max-width: 405px; max-height: 100%;\"><\/a><br><br>\n\n<a href=\"https:\/\/apps.apple.com\/it\/app\/oooh-events-manager\/id1303690543?mt=8\"><img decoding=\"async\" src=\"https:\/\/oooh.events\/wp-content\/uploads\/2019\/12\/apple-app-store.png\" style=\"max-width: 405px; max-height: 100%;\"><\/a><\/p>\n\n\n\n<p><\/p>\n","protected":false},"excerpt":{"rendered":"<p>OOOH.Events es una plataforma para la gesti\u00f3n de ventas de entradas online Con OOOH.Events podr\u00e1s vender entradas online para tus conciertos, eventos en vivo, cursos de formaci\u00f3n, reuniones y conferencias, visitas guiadas etc. Es decir, podr\u00e1s usar nuestra plataforma para<span class=\"ellipsis\">&hellip;<\/span><\/p>\n<div class=\"read-more\"><a href=\"https:\/\/oooh.events\/es\/oooh-events-taquilla-para-eventos-como-funciona\/\">Leer m\u00e1s &gt;<\/a><\/div>\n<p><!-- end of .read-more --><\/p>\n","protected":false},"author":1,"featured_media":0,"parent":0,"menu_order":0,"comment_status":"closed","ping_status":"closed","template":"","meta":{"_acf_changed":false,"footnotes":""},"class_list":["post-38605","page","type-page","status-publish","hentry"],"acf":[],"_links":{"self":[{"href":"https:\/\/oooh.events\/es\/wp-json\/wp\/v2\/pages\/38605","targetHints":{"allow":["GET"]}}],"collection":[{"href":"https:\/\/oooh.events\/es\/wp-json\/wp\/v2\/pages"}],"about":[{"href":"https:\/\/oooh.events\/es\/wp-json\/wp\/v2\/types\/page"}],"author":[{"embeddable":true,"href":"https:\/\/oooh.events\/es\/wp-json\/wp\/v2\/users\/1"}],"replies":[{"embeddable":true,"href":"https:\/\/oooh.events\/es\/wp-json\/wp\/v2\/comments?post=38605"}],"version-history":[{"count":0,"href":"https:\/\/oooh.events\/es\/wp-json\/wp\/v2\/pages\/38605\/revisions"}],"wp:attachment":[{"href":"https:\/\/oooh.events\/es\/wp-json\/wp\/v2\/media?parent=38605"}],"curies":[{"name":"wp","href":"https:\/\/api.w.org\/{rel}","templated":true}]}}