{"id":38615,"date":"2020-05-06T19:53:24","date_gmt":"2020-05-06T17:53:24","guid":{"rendered":"https:\/\/oooh.events\/?page_id=38615"},"modified":"2021-03-17T15:40:20","modified_gmt":"2021-03-17T14:40:20","slug":"help-2","status":"publish","type":"page","link":"https:\/\/oooh.events\/es\/help-2\/","title":{"rendered":"Help"},"content":{"rendered":"\n<div class=\"wp-block-image\"><figure class=\"alignleft\"><img loading=\"lazy\" decoding=\"async\" width=\"90\" height=\"90\" src=\"https:\/\/oooh.events\/wp-content\/uploads\/2019\/12\/mssg.me_.png\" alt=\"Help Desk\" class=\"wp-image-33878\" srcset=\"https:\/\/oooh.events\/wp-content\/uploads\/2019\/12\/mssg.me_.png 90w, https:\/\/oooh.events\/wp-content\/uploads\/2019\/12\/mssg.me_-70x70.png 70w, https:\/\/oooh.events\/wp-content\/uploads\/2019\/12\/mssg.me_-75x75.png 75w\" sizes=\"auto, (max-width: 90px) 100vw, 90px\" \/><\/figure><\/div>\n\n\n\n<h4 class=\"wp-block-heading\"><strong>ASISTENCIA PARA EL USO DEL SERVICIO<\/strong><\/h4>\n\n\n\n<p>Antes de contactar con nosotros, por favor consulte las <a href=\"https:\/\/oooh.events\/es\/preguntas-frecuentes-faq-usuarios\/\"><strong>FAQ Usuarios<\/strong><\/a> para averiguar si te encuentras en la misma situaci\u00f3n que otros usuarios de OOOH.Events.<br><\/p>\n\n\n\n<p>Puedes hablar con nosotros haciendo uso de alguno de los siguientes canales: puedes utilizar el chat online en cada p\u00e1gina del sitio: puedes encontrarlo en la esquina inferior derecha del navegador.<br>Tambi\u00e9n puedes acceder a trav\u00e9s del siguiente enlace:<br><a rel=\"noreferrer noopener\" href=\"https:\/\/mssg.me\/oooh.events\" target=\"_blank\">chat de ayuda al cliente<\/a><\/p>\n\n\n\n<hr class=\"wp-block-separator\"\/>\n\n\n\n<h4 class=\"wp-block-heading\"><strong>ASISTENCIA PARA UN EVENTO<\/strong><\/h4>\n\n\n\n<p>Si tienes preguntas dirigidas a un organizador, o si necesitas recibir informaciones sobre un evento espec\u00edfico o sobre sus tarifas, puedes utilizar la ventana COMENTARIOS (SOLICITUDES, INQUIETUDES) incluido en la ficha de cada evento. El organizador recibir\u00e1 la notificaci\u00f3n y al contestar podr\u00e1s decidir si postear la conversaci\u00f3n o mantenerla privada.<\/p>\n\n\n\n<hr class=\"wp-block-separator\"\/>\n\n\n\n<h4 class=\"wp-block-heading\"><strong><strong>ASISTENCIA<\/strong> PARA EL ORGANIZADOR<\/strong><\/h4>\n\n\n\n<p>\u00bfEres un organizador y necesitas asesoramiento? Por favor, consulte nuestra <a href=\"https:\/\/oooh.events\/es\/preguntas-frecuentes-organizadores-faq\/\"><strong>FAQ para Organizador<\/strong><\/a>.<br>Si no encuentras la soluci\u00f3n o si deseas un contacto directo, puedes usar el chat en este sitio o <a href=\"mailto:info@oooh.events?subject=vorrei%20avere%20maggiori%20informazioni%20sul%20vostro%20servizio&amp;body=Buongiorno,%20sto%20organizzando%20un%20evento%20e%20vorrei%20avere%20maggiori%20informazioni%20sul%20vostro%20servizio\" target=\"_blank\" rel=\"noreferrer noopener\"><strong>enviarnos un correo electr\u00f2nico<\/strong><\/a><\/p>\n\n\n\n<p><\/p>\n","protected":false},"excerpt":{"rendered":"<p>ASISTENCIA PARA EL USO DEL SERVICIO Antes de contactar con nosotros, por favor consulte las FAQ Usuarios para averiguar si te encuentras en la misma situaci\u00f3n que otros usuarios de OOOH.Events. Puedes hablar con nosotros haciendo uso de alguno de<span class=\"ellipsis\">&hellip;<\/span><\/p>\n<div class=\"read-more\"><a href=\"https:\/\/oooh.events\/es\/help-2\/\">Leer m\u00e1s &gt;<\/a><\/div>\n<p><!-- end of .read-more --><\/p>\n","protected":false},"author":1,"featured_media":0,"parent":0,"menu_order":0,"comment_status":"closed","ping_status":"closed","template":"","meta":{"_acf_changed":false,"footnotes":""},"class_list":["post-38615","page","type-page","status-publish","hentry"],"acf":[],"_links":{"self":[{"href":"https:\/\/oooh.events\/es\/wp-json\/wp\/v2\/pages\/38615","targetHints":{"allow":["GET"]}}],"collection":[{"href":"https:\/\/oooh.events\/es\/wp-json\/wp\/v2\/pages"}],"about":[{"href":"https:\/\/oooh.events\/es\/wp-json\/wp\/v2\/types\/page"}],"author":[{"embeddable":true,"href":"https:\/\/oooh.events\/es\/wp-json\/wp\/v2\/users\/1"}],"replies":[{"embeddable":true,"href":"https:\/\/oooh.events\/es\/wp-json\/wp\/v2\/comments?post=38615"}],"version-history":[{"count":0,"href":"https:\/\/oooh.events\/es\/wp-json\/wp\/v2\/pages\/38615\/revisions"}],"wp:attachment":[{"href":"https:\/\/oooh.events\/es\/wp-json\/wp\/v2\/media?parent=38615"}],"curies":[{"name":"wp","href":"https:\/\/api.w.org\/{rel}","templated":true}]}}