{"id":38616,"date":"2020-05-06T19:55:17","date_gmt":"2020-05-06T17:55:17","guid":{"rendered":"https:\/\/oooh.events\/?page_id=38616"},"modified":"2021-02-03T16:14:30","modified_gmt":"2021-02-03T15:14:30","slug":"informativa-sulla-privacy-2","status":"publish","type":"page","link":"https:\/\/oooh.events\/es\/informativa-sulla-privacy-2\/","title":{"rendered":"Pol\u00edtica de privacidad"},"content":{"rendered":"\n<h3 class=\"wp-block-heading\">INFORMACI\u00d3N DE PRIVACIDAD EN CONFORMIDAD CON EL REGLAMENTO EUROPEO PARA LA PROTECCI\u00d3N DE DATOS PERSONALES 2016\/679 (GDPR: GENERAL DATA PROTECTION REGULATION)<\/h3>\n\n\n\n<p>Esta informaci\u00f3n se aplica al procesamiento de datos realizado a trav\u00e9s de este sitio web de OOOH.Events y la aplicaci\u00f3n m\u00f3vil OOOH.Events Organizers, propiedad de Tix Plan S.r.l .<\/p>\n\n\n\n<h5 class=\"wp-block-heading\">IDENTIDAD Y DATOS DE CONTACTO DEL CONTROLADOR DE DATOS<\/h5>\n\n\n\n<p>El propietario del tratamiento de OOOH.Events y el servicio de venta de entradas online autogestionable relacionado es Tixplan S.r.l., Via Marche n. 54 \u2013 Roma \u2013 correo electr\u00f3nico: <a href=\"mailto:info@oooh.events\">info@oooh.events<\/a>.<\/p>\n\n\n\n<p>Si compras una entrada, una tarifa de participaci\u00f3n o un ticket de acceso para cualquier evento a la venta en OOOH.Events, el organizador de ese evento tambi\u00e9n se convertir\u00e1 en el controlador de datos.<\/p>\n\n\n\n<h5 class=\"wp-block-heading\">OBJETIVO DEL PROCESAMIENTO: \u00bfPOR QU\u00c9 RECOPILAMOS ALGUNOS DATOS?<\/h5>\n\n\n\n<p>Los datos personales del usuario se procesan para proporcionar los servicios en este sitio web\/aplicaci\u00f3n m\u00f3vil: compra de entradas, invitaci\u00f3n a nuevos eventos de organizadores donde el usuario ya ha comprado una entrada, geolocalizaci\u00f3n para mostrar a los visitantes los eventos m\u00e1s cercanos, atenci\u00f3n al cliente por chat\/correo electr\u00f3nico. Por lo tanto, la nalidad es permitir el registro y el acceso al sitio web\/aplicaci\u00f3n m\u00f3vil, tambi\u00e9n a trav\u00e9s del inicio de sesi\u00f3n, interacci\u00f3n con redes sociales, estad\u00edsticas (de forma an\u00f3nima), protecci\u00f3n contra spam, geolocalizaci\u00f3n limitada a la sesi\u00f3n actual, gesti\u00f3n de contactos, mensajes y noti caciones push, publicaci\u00f3n de contenido en otras plataformas (por ejemplo, YouTube, sin cookies).<br>Adem\u00e1s hay un servicio de actualizaci\u00f3n por correo electr\u00f3nico sobre ofertas especiales y nuevos eventos a trav\u00e9s de un bolet\u00edn peri\u00f3dico, donde se requiere el consentimiento a trav\u00e9s de doble suscripci\u00f3n: el usuario solicita el servicio y luego recibe un correo electr\u00f3nico para dar su consentimiento. La doble opci\u00f3n est\u00e1 ah\u00ed si te unes a este servicio desde la administraci\u00f3n de tu per l, en este caso desde el correo electr\u00f3nico ya habr\u00e1 sido veri cado y ya habr\u00e1s dado tu consentimiento.<\/p>\n\n\n\n<ul class=\"wp-block-list\"><li>En este documento encontrar\u00e1s una descripci\u00f3n detallada de cada servicio individual, interno y externo, involucrado en el tratamiento de datos. En cuanto a los datos recopilados:<br>Los datos recogidos se limitan a tu correo electr\u00f3nico, nombre (puede ser un nombre inventado). En la fase de inscripci\u00f3n te pediremos el sexo y la fecha de nacimiento, pero es opcional.<\/li><li>Si est\u00e1s utilizando nuestro servicio de preventa te pediremos tambi\u00e9n tus datos scales para poder emitir un recibo o una factura como previsto de la normativa<\/li><li>Si entras en nuestra web a trav\u00e9s de un network habilitado ser\u00e1 el mismo a pasar tu email y el nombre que habr\u00e1s usado en el momento de tu inscripci\u00f3n a ese network. Por ejemplo, si has dicho en Facebook que te llamas Zaphod Beeblebrox, ese ser\u00e1 el nombre que Facebook nos comunicar\u00e1 a nosotros. Naturalmente en caso de compra, te solicitaremos tus datos reales para la factura\/recibo.<\/li><li>Si quieres utilizar nuestro servicio de taquilla online en calidad de organizador te pediremos tambi\u00e9n los datos de tu sociedad (o persona f\u00edsica o jur\u00eddica que organiza el evento en cuesti\u00f3n) para poder indicarlo en las entradas adquiridas por el usuario, como previsto de la normativa.<\/li><\/ul>\n\n\n\n<p>Si compras un ticket para un evento presente en esta web, tus datos ser\u00e1n compartidos con el organizador del evento, que s\u00f3lo podr\u00e1 utilizarlos espec\u00ed camente con el contrato de venta: como en caso de necesidad (retrasos, reenv\u00edos, anulaciones, reembolsos), para recomendar futuros eventos y\/o productos an\u00e1logos (con la posibilidad de rechazar tal uso) y para predisponer eventuales recibos y\/o facturas por servicios y bienes a\u00f1adidos<br>que habr\u00e1s adquirido.<\/p>\n\n\n\n<p>En consecuencia el organizador de un evento ser\u00e1 tambi\u00e9n el responsable del tratamiento de los datos: el consentimiento que se da a esta web sirve tambi\u00e9n como consenso al tratamiento de los datos por parte del organizador del evento del que has comprado la entrada, con los usos limitados ya indicados y que el organizador debe respetar. Estos datos no pueden ser divulgados a terceros (exceptuando el pasaje ya citado entre nosotros y el organizador si se usa el servicio de preventa). En los otros casos, los otros datos que podremos recoger directamente (tipo los login de las sesiones en la web o en la aplicaci\u00f3n, no consienten de identi car el usuario de manera un\u00edvoca, y de la misma manera, alguno entre los servicios que utilizamos ( noti caciones push, an\u00e1lisis de tr\u00e1 co) aunque se registren con la direcci\u00f3n IP del usuario, no hay modo de asociarlo a otros datos e identi car al usuario. En cambio, algunos servicios como las newsletter, tienen que inscribirse obligatoriamente con email y direcci\u00f3n IP del usuario para respetar la obligaci\u00f3n de la inscripci\u00f3n y del mismo consenso y por lo tanto tener acceso a los datos de identi caci\u00f3n personal.<\/p>\n\n\n\n<p>Para las estad\u00edsticas, utilizamos Google Analytics, en modo an\u00f3nimo (signi ca que las \u00faltimas tres cifras de la direcci\u00f3n IP est\u00e1n protegidas haciendo imposible cualquier identificaci\u00f3n).<\/p>\n\n\n\n<p>Para pagos con tarjeta de cr\u00e9dito se redireccionar\u00e1 a la p\u00e1gina de Monetaonline (Banca Intesa Sanpaolo) o de Stripe, es decir que los datos de tu tarjeta se comunicar\u00e1n directamente al procesador de pagos. Nosotros no registramos ning\u00fan dato de la tarjeta de cr\u00e9dito, d\u00e9bito o tarjeta prepagada del titular.<\/p>\n\n\n\n<p>Si en cambio escoges de pagar con criptomoneda, el procesador de pagos ser\u00e1 completamente an\u00f3nimo.<\/p>\n\n\n\n<h5 class=\"wp-block-heading\">BASE JUR\u00cdDICA<\/h5>\n\n\n\n<p>Los datos vienen tratados en base al contrato del uso de los servicios presentes en OOOH.Events.<br>El uso de los datos es necesario para la entrega de un servicio espec\u00ed co solicitado por el usuario (por ejemplo adquirir un entrada, invitar a nuevos eventos del organizador para un usuario que ya haya adquirido anteriormente alguna entrada de este organizador), cumplir una obligaci\u00f3n legal o scal como consentir el acceso a un evento a un usuario que ya haya adquirido la entrada, o por leg\u00edtimo inter\u00e9s del propietario (p. ej. protecci\u00f3n spam o veri caci\u00f3n del correcto funcionamiento de la web o en la aplicaci\u00f3n del m\u00f3vil).<br>El usuario puede rechazar expresamente el contrato de servicio y en tal caso el mismo servicio no podr\u00e1 ser desembolsado.<\/p>\n\n\n\n<h5 class=\"wp-block-heading\">MODALIDAD DEL TRATAMIENTO PARA EVENTUALES DESTINATARIOS<\/h5>\n\n\n\n<p>Los datos personales recogidos por nosotros en calidad de titular del uso de los datos vienen compartidos s\u00f3lo en el caso de adquisici\u00f3n de entradas, exclusivamente con el organizador del evento adquirido y, por lo tanto, es a su vez el propietario del tratamiento de los datos. Los datos de todas maneras no son objeto de difusi\u00f3n a terceros.<br>Los otros datos recogidos por los servicios externos de nuestra Web son, en el l\u00edmite de lo posible, tratados en origen en modo de ser an\u00f3nimos y por lo tanto no consienten la identi caci\u00f3n del usuario. Aquellos no necesariamente an\u00f3nimos indicados en los puntos precedentes, vienen tratados a trav\u00e9s del servicio interno de la Uni\u00f3n Europea (v\u00e9ase m\u00e1s adelante el detalle de los servicios en particular) o al menos desde el exterior y con coherencia de la Protecci\u00f3n de la Privacidad.<br>Es decir, en el proceso del tratamiento de los datos que viene efectuado con instrumentos inform\u00e1ticos adecuados y estructurados para garantizar la m\u00e1xima seguridad, podr\u00edan involucrarse otros sujetos conectados a la gesti\u00f3n de la Web\/app M\u00f3vil (colaboradores, administrativos comerciales, marketing, servicios legales, ingenieros de sistemas, o ciales de seguridad, desarrolladores) o sujetos externos como proveedores de servicios t\u00e9cnicos, proveedores de hosting, mensajeros, agencias de comunicaci\u00f3n, clientes, que adem\u00e1s pueden ser a su vez responsables del tratamiento de datos nombrados por el Titular: una lista actualizada de \u00e9stos \u00faltimos puede ser siempre solicitado al Propietario\/Titular.<\/p>\n\n\n\n<h5 class=\"wp-block-heading\">PER\u00cdODO DE CONSERVACI\u00d3N<\/h5>\n\n\n\n<p>Los datos son conservados por el tiempo estrictamente solicitado para la nalidad por la que han sido recogidos.<br>En el caso que hayan sido recogidos para la prestaci\u00f3n de un servicio (p. ej. preventa de entradas) los datos vienen conservados hasta que el usuario solicite la cancelaci\u00f3n\/ oposici\u00f3n y de todas maneras por un per\u00edodo de nido por ley ( p. ej. 5 a\u00f1os para los datos de facturaci\u00f3n).<br>Para todos los otros datos, que han sido recogidos la mayor parte de forma an\u00f3nima, existen per\u00edodos de conservaci\u00f3n m\u00ednimos previsto para cada servicio.<br>Los datos ser\u00e1n cancelados al t\u00e9rmino del per\u00edodo de conservaci\u00f3n: en consecuencia despu\u00e9s de la fecha l\u00edmite no ser\u00e1 posible para el usuario ejercitar el derecho al acceso, cancelaci\u00f3n, recti caci\u00f3n y portabilidad de los datos.<\/p>\n\n\n\n<h5 class=\"wp-block-heading\">DERECHOS DEL USUARIO<\/h5>\n\n\n\n<p>Confirmamos tus derechos seg\u00fan el art\u00edculo 15 del Reglamento:<\/p>\n\n\n\n<ol class=\"wp-block-list\"><li>derecho de solicitar al titular el tratamiento al acceso de los datos personales y la recti caci\u00f3n o cancelaci\u00f3n de los mismos y la limitaci\u00f3n del tratamiento del que se trata o de oponerse a su tratamiento, m\u00e1s all\u00e1 del derecho de la portabilidad de los datos;<\/li><li>derecho de revocar en cualquier momento, sin afectar la legalidad del tratamiento, basada sobre el consenso prestado antes de la revocaci\u00f3n;<\/li><li>derecho de proponer una reclamaci\u00f3n a la autoridad de control;<\/li><li>derecho a la transferencia de los propios datos a otros servicios, obteni\u00e9ndolos de forma clara y legible del dispositivo autom\u00e1tico;<\/li><li>la comunicaci\u00f3n de los datos personales es opcional pero tambi\u00e9n es un requisito necesario para la prestaci\u00f3n de servicios ofrecidos por este sitio web\/app m\u00f3vil, donde la falta de consenso comporta necesariamente la imposibilidad de proveer a tales servicios;<\/li><li>No existe un proceso de decisiones automatizado ni tampoco un perfil personalizado.<\/li><\/ol>\n\n\n\n<h5 class=\"wp-block-heading\">MENORES<\/h5>\n\n\n\n<p>Debido a la imposibilidad de conocer si el consenso del tratamiento de los datos ha sido autorizado por un adulto (padre\/madre), te invitamos a no registrarte en esta web si eres menor de 16 a\u00f1os.<\/p>\n\n\n\n<h5 class=\"wp-block-heading\">DETALLES DE CADA SERVICIO<\/h5>\n\n\n\n<h6 class=\"wp-block-heading\">SERVICIOS DE ACCESO AL SITIO WEB\/APP M\u00d3VIL<\/h6>\n\n\n\n<p>nombre: <strong>Amazon Login<\/strong><br>aplicaci\u00f3n: sitio web<br>descripci\u00f3n: servicio de registro y autenticaci\u00f3n a trav\u00e9s de la cuenta de Amazon, proporcionada por Amazon.com, Inc.<br>datos recopilados: correo electr\u00f3nico, nombre de usuario, foto de perfil<br>lugar de tratamiento: EE. UU.<br>pol\u00edtica de privacidad: <a href=\"https:\/\/www.amazon.com\/gp\/help\/customer\/display.html\/ref=hp_rel_topic?ie=UTF8&amp;nodeId=468496\" target=\"_blank\" rel=\"noreferrer noopener\">https:\/\/www.amazon.com\/gp\/help\/customer\/display.html\/ref=hp_rel_topic?ie=UTF8&amp;nodeId=468496<\/a><\/p>\n\n\n\n<p>nombre: <strong>Autenticaci\u00f3n de Facebook<\/strong><br>aplicaci\u00f3n: sitio web<br>descripci\u00f3n: servicio de registro y autenticaci\u00f3n a trav\u00e9s de la cuenta de Facebook, provisto por Facebook, Inc.<br>datos recopilados: correo electr\u00f3nico, nombre de usuario, foto de perfil<br>lugar de tratamiento: EE. UU<br>pol\u00edtica de privacidad: <a href=\"https:\/\/www.facebook.com\/help\/405977429438260\" target=\"_blank\" rel=\"noreferrer noopener\">https:\/\/www.facebook.com\/help\/405977429438260<\/a><\/p>\n\n\n\n<p>nombre: <strong>Google OAuth<\/strong><br>aplicaci\u00f3n: sitio web<br>descripci\u00f3n: servicio de registro y autenticaci\u00f3n a trav\u00e9s de la cuenta de Google, proporcionado por Google Ireland Limited.<br>datos recopilados: correo electr\u00f3nico, nombre de usuario, foto de perfil<br>lugar de tratamiento: Uni\u00f3n Europea<br>pol\u00edtica de privacidad: <a href=\"https:\/\/policies.google.com\/\" target=\"_blank\" rel=\"noreferrer noopener\">https:\/\/policies.google.com\/<\/a><\/p>\n\n\n\n<p>nombre: <strong>Linkedin OAuth<\/strong><br>aplicaci\u00f3n: sitio web<br>descripci\u00f3n: servicio de registro y autenticaci\u00f3n a trav\u00e9s de la cuenta Linkedin, proporcionada por LinkedIn Ireland Unlimited Company.<br>datos recopilados: correo electr\u00f3nico, nombre de usuario, foto de perfil<br>lugar de tratamiento: EE. UU.<br>pol\u00edtica de privacidad: <a href=\"https:\/\/privacy.linkedin.com\/\" target=\"_blank\" rel=\"noreferrer noopener\">https:\/\/privacy.linkedin.com\/<\/a><\/p>\n\n\n\n<p>nombre: <strong>Registro Directo<\/strong><br>aplicaci\u00f3n: sitio web<br>descripci\u00f3n: funci\u00f3n que permite al usuario registrarse directamente en este sitio web, tambi\u00e9n con el n de iniciar sesi\u00f3n en nuestra aplicaci\u00f3n m\u00f3vil, proporcionando su correo electr\u00f3nico y un nombre (tambi\u00e9n inventado).<br>datos recopilados: correo electr\u00f3nico, nombre<br>lugar de tratamiento: Uni\u00f3n Europea<br>pol\u00edtica de privacidad: este documento<\/p>\n\n\n\n<p>nombre: <strong>Twitter OAuth<\/strong><br>aplicaci\u00f3n: sitio web<br>descripci\u00f3n: servicio de registro y autenticaci\u00f3n a trav\u00e9s de la cuenta de Twitter, provisto por Twitter, Inc.<br>datos recopilados: correo electr\u00f3nico, nombre de usuario, foto de per l<br>lugar de tratamiento: EE. UU.<br>pol\u00edtica de privacidad: <a href=\"https:\/\/twitter.com\/en\/privacy\" target=\"_blank\" rel=\"noreferrer noopener\">https:\/\/twitter.com\/en\/privacy<\/a><\/p>\n\n\n\n<h6 class=\"wp-block-heading\">ANTI-SPAM<\/h6>\n\n\n\n<p>nombre: <strong>Google reCAPTCHA<\/strong><br>aplicaci\u00f3n: sitio web<br>descripci\u00f3n: servicio de protecci\u00f3n contra spam, proporcionado por Google Ireland Limited.<br>datos recopilados: cookies, datos de uso<br>lugar de tratamiento: EE. UU.<br>pol\u00edtica de privacidad: <a href=\"https:\/\/policies.google.com\" target=\"_blank\" rel=\"noreferrer noopener\">https:\/\/policies.google.com<\/a><\/p>\n\n\n\n<h6 class=\"wp-block-heading\">CONTACTOS Y MENSAJES<\/h6>\n\n\n\n<p>nombre: <strong>Email List Verify<\/strong><br>aplicaci\u00f3n: sitio web<br>descripci\u00f3n: servicio de veri caci\u00f3n de la existencia y correcci\u00f3n de direcciones de correo electr\u00f3nico<br>datos recopilados: correo electr\u00f3nico<br>lugar de tratamiento: Uni\u00f3n Europea<br>pol\u00edtica de privacidad: <a href=\"https:\/\/www.emaillistverify.com\/privacy.html\" target=\"_blank\" rel=\"noreferrer noopener\">https:\/\/www.emaillistverify.com\/privacy.html<\/a><\/p>\n\n\n\n<p>nombre: <strong>Gmail<\/strong><br>aplicaci\u00f3n: sitio web<br>descripci\u00f3n: servicio de administraci\u00f3n de correo electr\u00f3nico, utilizado por empleados de la organizaci\u00f3n del propietario para recibir y enviar mensajes de correo electr\u00f3nico. Proporcionado por Google Ireland Limited.<br>datos recopilados: correo electr\u00f3nico<br>lugar de tratamiento: Uni\u00f3n Europea a trav\u00e9s de la web o acceso m\u00f3vil; EE.UU.<br>pol\u00edtica de privacidad: este documento es Google, Inc. como operador del servicio<br><a href=\"https:\/\/policies.google.com\" target=\"_blank\" rel=\"noreferrer noopener\">https:\/\/policies.google.com<\/a><\/p>\n\n\n\n<p>nombre: <strong>Formulario de contacto o p\u00f3ngase en contacto con el organizador<\/strong><br>aplicaci\u00f3n: sitio web<br>descripci\u00f3n: formulario que permite al usuario contactar a la organizaci\u00f3n por cualquier necesidad relacionada con los servicios ofrecidos por esta \u00faltima.<br>datos recopilados: correo electr\u00f3nico, nombre<br>lugar de tratamiento: Uni\u00f3n Europea<br>pol\u00edtica de privacidad: este documento<\/p>\n\n\n\n<p>nombre: <strong>SendPulse<\/strong><br>aplicaci\u00f3n: sitio web<br>descripci\u00f3n: servicio para enviar noti caciones push en la WEB y enviar boletines informativos y correos electr\u00f3nicos informativos y promocionales, proporcionados por SendPulse, Inc.<br>Datos recopilados: navegador, sistema operativo, direcci\u00f3n IP, ubicaci\u00f3n a trav\u00e9s de IP, cookie, correo electr\u00f3nico. Para activar las noti caciones autom\u00e1ticas, se requiere una con rmaci\u00f3n expl\u00edcita adicional por parte del usuario, proporcionada directamente al administrador del servicio, mientras que para desactivarlas es posible utilizar las funciones del navegador. En el caso de enviar correos electr\u00f3nicos, unirse al servicio proporciona el m\u00e9todo de doble suscripci\u00f3n, mediante el cual el usuario recibe un correo electr\u00f3nico adicional para expresar su consentimiento.<br>lugar de tratamiento: EE. UU.<br>pol\u00edtica de privacidad: <a href=\"https:\/\/sendpulse.com\/legal\/pp\" target=\"_blank\" rel=\"noreferrer noopener\">https:\/\/sendpulse.com\/legal\/pp<\/a><\/p>\n\n\n\n<p>nombre: <strong>TruePush<\/strong><br>aplicaci\u00f3n: sitio web<br>descripci\u00f3n: servicio de env\u00edo de noti caciones push web. Para activar las noti caciones autom\u00e1ticas, se requiere una con rmaci\u00f3n expl\u00edcita adicional por parte del usuario, proporcionada directamente al administrador del servicio, mientras que para desactivarlas es posible utilizar las funciones del navegador.<br>datos recopilados: cookies, datos de uso, direcci\u00f3n IP<br>lugar de tratamiento: India<br>pol\u00edtica de privacidad: <a href=\"https:\/\/www.truepush.com\/privacy-policy\" target=\"_blank\" rel=\"noreferrer noopener\">https:\/\/www.truepush.com\/privacy-policy<\/a><\/p>\n\n\n\n<p>nombre: <strong>Google Maps<\/strong><br>aplicaci\u00f3n: sitio web<br>descripci\u00f3n: servicio que le permite ver un mapa, proporcionado por Google Ireland Limited.<br>datos recopilados: cookies, datos de uso<br>lugar de tratamiento: EE. UU.<br>pol\u00edtica de privacidad: <a href=\"https:\/\/policies.google.com\/\" target=\"_blank\" rel=\"noreferrer noopener\">https:\/\/policies.google.com\/<\/a><\/p>\n\n\n\n<p>nombre: <strong>YouTube sin cookies<\/strong><br>aplicaci\u00f3n: sitio web<br>descripci\u00f3n: servicio de visualizaci\u00f3n de video en modo \u00absin cookies\u00bb (las cookies y los datos de uso no se graban a menos que el usuario reproduzca el v\u00eddeo), proporcionado por Google Ireland Limited.<br>datos recopilados: datos de uso<br>lugar de tratamiento: EE. UU.<br>pol\u00edtica de privacidad:<a href=\"https:\/\/policies.google.com\/\" target=\"_blank\" rel=\"noreferrer noopener\">https:\/\/policies.google.com\/<\/a><\/p>\n\n\n\n<h6 class=\"wp-block-heading\">GESTI\u00d3N SCRIPT<\/h6>\n\n\n\n<p>nombre: <strong>Google Tag Manager<\/strong><br>aplicaci\u00f3n: sitio web<br>descripci\u00f3n: servicio de administraci\u00f3n de secuencias de comandos, que permite que se publique un \u00fanico c\u00f3digo de invocaci\u00f3n en el sitio para todas las secuencias de comandos externas, que ser\u00e1 llamado por el Administrador de etiquetas, proporcionado por Google Ireland Limited.<br>datos recopilados: cookies, datos de uso lugar de tratamiento: EE. UU.<br>pol\u00edtica de privacidad: <a href=\"https:\/\/policies.google.com\/\" target=\"_blank\" rel=\"noreferrer noopener\">https:\/\/policies.google.com\/<\/a><\/p>\n\n\n\n<h6 class=\"wp-block-heading\">INTERACCION SOCIAL NETWORK<\/h6>\n\n\n\n<p>nombre: <strong>AddThis<\/strong><br>aplicaci\u00f3n: sitio web<br>descripci\u00f3n: servicio que permite al usuario interactuar con las redes sociales y compartir contenido en el sitio web, proporcionado por Oracle Corporation<br>datos recopilados: cookies, datos de uso<br>lugar de tratamiento: EE. UU.<br>pol\u00edtica de privacidad: <a href=\"https:\/\/www.addthis.com\/privacy\/privacy-policy\" target=\"_blank\" rel=\"noreferrer noopener\">https:\/\/www.addthis.com\/privacy\/privacy-policy<\/a><\/p>\n\n\n\n<p>nombre: <strong>Acceso a la cuenta de Facebook<\/strong><br>aplicaci\u00f3n: sitio web<br>descripci\u00f3n: servicio de integraci\u00f3n con la cuenta de Facebook del usuario, para realizar operaciones como \u00abcompartir su compra o reserva de entradas en Facebook\u00bb<br>datos recopilados: informaci\u00f3n b\u00e1sica del usuario como nombre, foto de perfil, idioma, ubicaci\u00f3n<br>lugar de tratamiento: EE. UU.<br>pol\u00edtica de privacidad: <a href=\"https:\/\/www.facebook.com\/about\/privacy\/\" target=\"_blank\" rel=\"noreferrer noopener\">https:\/\/www.facebook.com\/about\/privacy\/<\/a><\/p>\n\n\n\n<p>nombre: <strong>acceso a la cuenta de Twitter<\/strong><br>aplicaci\u00f3n: sitio web<br>descripci\u00f3n: servicio de integraci\u00f3n con el perfil de Twitter del usuario, para realizar operaciones como \u00abcompartir su compra o reserva de entradas en Twitter\u00bb<br>datos recopilados: informaci\u00f3n b\u00e1sica del usuario como nombre, foto de perfil, idioma, ubicaci\u00f3n<br>lugar de tratamiento: EE. UU.<br>pol\u00edtica de privacidad: <a href=\"https:\/\/twitter.com\/en\/privacy#update\" target=\"_blank\" rel=\"noreferrer noopener\">https:\/\/twitter.com\/en\/privacy#update<\/a><\/p>\n\n\n\n<h6 class=\"wp-block-heading\">POSICI\u00d3N<\/h6>\n\n\n\n<p>nombre: <strong>Geolocalizaci\u00f3n limitada a la sesi\u00f3n<\/strong><br>aplicaci\u00f3n: sitio web<br>descripci\u00f3n: Servicio de localizaci\u00f3n de usuarios basado en datos proporcionados por internet, para presentar programaci\u00f3n de cine basada en la ubicaci\u00f3n geogr\u00e1 ca del usuario. El usuario otorga o niega la autorizaci\u00f3n a trav\u00e9s de las funciones espec\u00ed cas de cada navegador; alternativamente, puede indicar su posici\u00f3n escribiendo la direcci\u00f3n o la ubicaci\u00f3n donde se encuentra. Los datos de ubicaci\u00f3n se usan solo durante la sesi\u00f3n.<br>datos recopilados: posici\u00f3n geogr\u00e1 ca<br>lugar de tratamiento: Uni\u00f3n Europea<br>pol\u00edtica de privacidad: este documento<\/p>\n\n\n\n<h6 class=\"wp-block-heading\">ESTAD\u00cdSTICA<\/h6>\n\n\n\n<p>nombre: <strong>seguimiento de conversiones de Google AdWords<\/strong><br>aplicaci\u00f3n: sitio web<br>descripci\u00f3n: servicio que conecta los anuncios publicados en la red de Google AdWords por el propietario con las operaciones realizadas por los usuarios en el sitio web, con el fin de evaluar la efectividad de las promociones de este sitio web. Proporcionado por Google Ireland Limited.<br>datos recopilados: cookies, datos de uso<br>lugar de tratamiento: EE. UU.<br>pol\u00edtica de privacidad: <a href=\"https:\/\/policies.google.com\/\" target=\"_blank\" rel=\"noreferrer noopener\">https:\/\/policies.google.com\/<\/a><\/p>\n\n\n\n<p>nombre: <strong>Google Analytics con IP an\u00f3nimo<\/strong><br>aplicaci\u00f3n: sitio web<br>descripci\u00f3n: servicio di an\u00e1lisis del tr\u00e1 co y del uso de este sito web\/app movil con gurado en modo \u201cIP an\u00f3nimo\u201d para que no pueda identi car al Usuario con precisi\u00f3n y recopilar datos de navegaci\u00f3n an\u00f3nimos. Proporcionado por Google Ireland Limited.<br>dato recopilados: cookie, datos de uso<br>lugar de tratamiento: USA<br>pol\u00edtica de privacidad: <a rel=\"noreferrer noopener\" href=\"https:\/\/policies.google.com\/\" target=\"_blank\">https:\/\/policies.google.com\/<\/a><\/p>\n","protected":false},"excerpt":{"rendered":"<p>INFORMACI\u00d3N DE PRIVACIDAD EN CONFORMIDAD CON EL REGLAMENTO EUROPEO PARA LA PROTECCI\u00d3N DE DATOS PERSONALES 2016\/679 (GDPR: GENERAL DATA PROTECTION REGULATION) Esta informaci\u00f3n se aplica al procesamiento de datos realizado a trav\u00e9s de este sitio web de OOOH.Events y la<span class=\"ellipsis\">&hellip;<\/span><\/p>\n<div class=\"read-more\"><a href=\"https:\/\/oooh.events\/es\/informativa-sulla-privacy-2\/\">Leer m\u00e1s &gt;<\/a><\/div>\n<p><!-- end of .read-more --><\/p>\n","protected":false},"author":1,"featured_media":0,"parent":0,"menu_order":0,"comment_status":"closed","ping_status":"closed","template":"bt4_engine_privacy.php","meta":{"_acf_changed":false,"footnotes":""},"class_list":["post-38616","page","type-page","status-publish","hentry"],"acf":[],"_links":{"self":[{"href":"https:\/\/oooh.events\/es\/wp-json\/wp\/v2\/pages\/38616","targetHints":{"allow":["GET"]}}],"collection":[{"href":"https:\/\/oooh.events\/es\/wp-json\/wp\/v2\/pages"}],"about":[{"href":"https:\/\/oooh.events\/es\/wp-json\/wp\/v2\/types\/page"}],"author":[{"embeddable":true,"href":"https:\/\/oooh.events\/es\/wp-json\/wp\/v2\/users\/1"}],"replies":[{"embeddable":true,"href":"https:\/\/oooh.events\/es\/wp-json\/wp\/v2\/comments?post=38616"}],"version-history":[{"count":0,"href":"https:\/\/oooh.events\/es\/wp-json\/wp\/v2\/pages\/38616\/revisions"}],"wp:attachment":[{"href":"https:\/\/oooh.events\/es\/wp-json\/wp\/v2\/media?parent=38616"}],"curies":[{"name":"wp","href":"https:\/\/api.w.org\/{rel}","templated":true}]}}