{"id":38637,"date":"2020-05-06T20:38:34","date_gmt":"2020-05-06T18:38:34","guid":{"rendered":"https:\/\/oooh.events\/?page_id=38637"},"modified":"2021-03-12T16:23:51","modified_gmt":"2021-03-12T15:23:51","slug":"tarifas","status":"publish","type":"page","link":"https:\/\/oooh.events\/es\/tarifas\/","title":{"rendered":"VENDER Y COMPRAR BILLETES PARA EVENTOS ONLINE"},"content":{"rendered":"\n<h2 class=\"has-medium-font-size wp-block-heading\">CON OOOH.EVENTS PUEDES VENDER ONLINE LAS ENTRADAS PARA TUS EVENTOS DE MANERA SIMPLE, VELOZ Y <span class=\"has-inline-color has-luminous-vivid-orange-color\">SIN NING\u00daN COSTE<\/span> PORQUE NUESTRO SERVICIO ES <span class=\"has-inline-color has-luminous-vivid-orange-color\">GRATUITO PARA EL ORGANIZADOR<\/span><\/h2>\n\n\n\n<div style=\"height:20px\" aria-hidden=\"true\" class=\"wp-block-spacer\"><\/div>\n\n\n\n<p class=\"has-medium-font-size\">\u00bfQuieres iniciar a vender entradas online para cualquier tipo de eventos? Con <a href=\"https:\/\/oooh.events\/es\/oooh-events-taquilla-para-eventos-como-funciona\/\">OOOH.Events<\/a> el organizador tiene acceso a todas las funcionalidades para vender online las entradas de su propio evento: no hay v\u00ednculos ni l\u00edmites; crea todo tipo de entradas, a\u00f1ade otros precios durante las ventas o crea nuevas ofertas para obtener el m\u00e1ximo rendimiento de tu propio evento.<\/p>\n\n\n\n<div style=\"height:20px\" aria-hidden=\"true\" class=\"wp-block-spacer\"><\/div>\n\n\n\n<p class=\"has-medium-font-size\">Qui\u00e9n organiza eventos conoce la dificultad de previsi\u00f3n inicial, es decir qu\u00e9 tipos y cu\u00e1ntas entradas servir\u00e1n para el evento:<\/p>\n\n\n\n<ul class=\"has-medium-font-size wp-block-list\"><li>\u00bfLas ventas online no van como quisieras? Te servir\u00e1 una <strong>oferta especial<\/strong> de promoci\u00f3n.<\/li><li>\u00bfLas ventas han ido bien pero a\u00fan tienes alg\u00fan sitio libre? Un <strong>last minute<\/strong> es lo ideal.<\/li><li>\u00bfHas publicado otro evento que quieres promocionar? Crea una <strong>nueva tarifa<\/strong> en el primer evento <strong>con un descuento<\/strong> en el evento siguiente.<\/li><li>\u00bfHas vendido pocos gadgets? Vac\u00eda el almac\u00e9n con una <strong>promoci\u00f3n 2&#215;1.<\/strong><\/li><\/ul>\n\n\n\n<div style=\"height:20px\" aria-hidden=\"true\" class=\"wp-block-spacer\"><\/div>\n\n\n\n<p class=\"has-medium-font-size\">Habr\u00e1n muchas ocasiones que requerir\u00e1n de reformular los precios e introducir nuevas ofertas.<\/p>\n\n\n\n<p class=\"has-medium-font-size\">Por este motivo no creamos v\u00ednculos que obligan al organizador a escoger un \u201cpaquete\u201d:<\/p>\n\n\n\n<div style=\"height:20px\" aria-hidden=\"true\" class=\"wp-block-spacer\"><\/div>\n\n\n\n<blockquote class=\"wp-block-quote is-style-large is-layout-flow wp-block-quote-is-layout-flow\"><p>\u201c<em>Si las ventas no van como esperabas, no seremos nosotros a hacerte gastar m\u00e1s, es decir a hacer pagar m\u00e1s al espectador para ofrecerte una soluci\u00f3n\u201d.<\/em><\/p><\/blockquote>\n\n\n\n<div style=\"height:20px\" aria-hidden=\"true\" class=\"wp-block-spacer\"><\/div>\n\n\n\n<p class=\"has-medium-font-size\">Con la taquilla de OOOH.Events el organizador de eventos dispone de todas las funcionalidades de una taquilla profesional para vender entradas online para todo tipo de eventos:<\/p>\n\n\n\n<div style=\"height:25px\" aria-hidden=\"true\" class=\"wp-block-spacer\"><\/div>\n\n\n\n<div class=\"wp-block-columns is-layout-flex wp-container-core-columns-is-layout-9d6595d7 wp-block-columns-is-layout-flex\">\n<div class=\"wp-block-column is-layout-flow wp-block-column-is-layout-flow\">\n<ul class=\"has-medium-font-size wp-block-list\"><li><span class=\"has-inline-color has-luminous-vivid-orange-color\"><strong>prueba gratis<\/strong><\/span>, puedes hacer todas las pruebas que quieras<\/li><li><span class=\"has-inline-color has-luminous-vivid-orange-color\"><strong>tarifas ilimitadas<\/strong><\/span>, eventos privados, cupones, ventas anticipadas (early bird), last minute e incluso eventos gratuitos<\/li><li><strong><span class=\"has-inline-color has-luminous-vivid-orange-color\"><strong>precios y ofertas din\u00e1micas<\/strong><\/span><\/strong> con fecha\/hora de inicio y fin de ventas para cada tarifa<\/li><li>integraci\u00f3n para <strong><span class=\"has-inline-color has-luminous-vivid-orange-color\">eventos online<\/span><\/strong> (seminarios web, transmisiones en directo)<\/li><li><strong><span class=\"has-inline-color has-luminous-vivid-orange-color\"><strong>optimizaci\u00f3n SEO<\/strong> <\/span><\/strong>autom\u00e1tica<\/li><li>integraci\u00f3n para los <strong><span class=\"has-inline-color has-luminous-vivid-orange-color\">pagos online<\/span><\/strong> con tarjeta de cr\u00e9dito o de d\u00e9bito, PostePay o recargable con Setefi (Intesa Sanpaolo), Stripe, Crypto<\/li><\/ul>\n<\/div>\n\n\n\n<div class=\"wp-block-column is-layout-flow wp-block-column-is-layout-flow\">\n<ul class=\"has-medium-font-size wp-block-list\"><li><strong><span class=\"has-inline-color has-luminous-vivid-orange-color\"><strong>export lista de clientes &amp; participantes<\/strong><\/span><\/strong>, con email (el organizador es co-titular del tratamiento)<\/li><li><strong><span class=\"has-inline-color has-luminous-vivid-orange-color\"><strong>integraci\u00f3n<\/strong><\/span><\/strong> con Sendpulse e Mailchimp<\/li><li><strong><span class=\"has-inline-color has-luminous-vivid-orange-color\"><strong>print @home<\/strong><\/span><\/strong>, entradas PDF con QR Code<\/li><li><strong><span class=\"has-inline-color has-luminous-vivid-orange-color\"><strong>control de acceso<\/strong><\/span><\/strong> a trav\u00e9s de las app Android e iOS<\/li><li>app organizador con <strong><span class=\"has-inline-color has-luminous-vivid-orange-color\">estad\u00edsticas detalladas<\/span><\/strong> en tiempo real de las ventas<\/li><li>integraci\u00f3n con las <strong><span class=\"has-inline-color has-luminous-vivid-orange-color\">redes sociales<\/span><\/strong><\/li><li>para los m\u00e1s exigentes, integraci\u00f3n <strong><span class=\"has-inline-color has-luminous-vivid-orange-color\">Facebook Pixel<\/span><\/strong><\/li><\/ul>\n<\/div>\n<\/div>\n\n\n\n<p class=\"has-black-color has-text-color has-background has-medium-font-size\" id=\"Free-Vimeo-Premium\" style=\"background-color:#ffefa2\"><strong>FREE VIMEO PREMIUM<\/strong><br>Y desde febrero de 2021 OOOH.Events pone a disposici\u00f3n de los organizadores -siempre gratis- la propia cuenta <strong>Premium su Vimeo<\/strong>, tanto para la retransmisi\u00f3n en directo (live streaming) como para VOD (v\u00eddeo bajo demanda).<\/p>\n\n\n\n<p class=\"has-medium-font-size\">Pero OOOH.Events no es s\u00f3lo una taquilla: \u00a1promueve tu evento! Trabajamos junto a los organizadores para ayudarlos en la comunicaci\u00f3n de sus eventos a trav\u00e9s de nuestros <strong>canales<\/strong> en las redes sociales, con nuestros <strong>boletines<\/strong> (newsletter) y con las <strong>notificaciones push<\/strong> porque sabemos bien que para vender online las entradas de eventos hay que hacer tambi\u00e9n mucha publicidad.<\/p>\n\n\n\n<div style=\"height:60px\" aria-hidden=\"true\" class=\"wp-block-spacer\"><\/div>\n\n\n\n<h2 class=\"wp-block-heading\"><strong><strong>COSTE DEL SERVICIO PARA EL ESPECTADOR<\/strong><\/strong><\/h2>\n\n\n\n<p class=\"has-medium-font-size\">El coste del servicio ofrecido por OOOH.Events es simple y probablemente uno de los m\u00e1s econ\u00f3micos del mercado: para cada t\u00edtulo de acceso (<strong>billete<\/strong>) o paquete combo (<strong>entrada+bien\/servicio<\/strong>) se aplica una comisi\u00f3n fija + una comisi\u00f3n variable, adem\u00e1s del coste del procesador de pagos para tarjetas de cr\u00e9dito, d\u00e9bito recargables, PostePay calculadas sobre el importe de la transacci\u00f3n.<\/p>\n\n\n\n<div style=\"height:20px\" aria-hidden=\"true\" class=\"wp-block-spacer\"><\/div>\n\n\n\n<p class=\"has-medium-font-size\">Estas comisiones son ligeramente diferentes en funci\u00f3n de la divisa del evento definida en base al pa\u00eds donde se organiza el evento o a la elecci\u00f3n del organizador.<\/p>\n\n\n\n<div style=\"height:20px\" aria-hidden=\"true\" class=\"wp-block-spacer\"><\/div>\n\n\n\n<p class=\"has-medium-font-size\">La suma de estas tres voces se a\u00f1ade al coste del t\u00edtulo de acceso definido por el organizador. El cliente\/espectador recibir\u00e1 &#8211; una vez completada la venta &#8211; la entrada del organizador y la factura de OOOH.Events (Tixplan) por el coste del servicio y por el procesador de pagos.<\/p>\n\n\n\n<div style=\"height:60px\" aria-hidden=\"true\" class=\"wp-block-spacer\"><\/div>\n\n\n\n<div class=\"wp-block-columns is-layout-flex wp-container-core-columns-is-layout-9d6595d7 wp-block-columns-is-layout-flex\">\n<div class=\"wp-block-column is-layout-flow wp-block-column-is-layout-flow\">\n<h3 class=\"wp-block-heading\"><strong>Precios en  Euros<\/strong><\/h3>\n\n\n\n<figure class=\"wp-block-image size-large\"><a href=\"https:\/\/oooh.events\/wp-content\/uploads\/2021\/03\/oooh-tarifas-euros.png\"><img loading=\"lazy\" decoding=\"async\" width=\"300\" height=\"147\" src=\"https:\/\/oooh.events\/wp-content\/uploads\/2021\/03\/oooh-tarifas-euros.png\" alt=\"Tarifas Euros\" class=\"wp-image-54507\" title=\"OOOH.Events | Vendere Biglietti Online: tariffe in Euro\"\/><\/a><\/figure>\n\n\n\n<p>Ejemplo:<br>\u2013 precio definido por el organizador = \u20ac 10;<br>\u2013 el participante paga \u20ac 11;<br>\u2013 el organizador recibe \u20ac 10;<br>\u2013 el participante recibe el billete + la factura de OOOH.Events di \u20ac 1 (iva incluida si aplicable).<\/p>\n<\/div>\n\n\n\n<div class=\"wp-block-column is-layout-flow wp-block-column-is-layout-flow\">\n<h3 class=\"wp-block-heading\"><strong>Precio en Dolares USA<\/strong><\/h3>\n\n\n\n<figure class=\"wp-block-image size-large\"><a href=\"https:\/\/oooh.events\/wp-content\/uploads\/2021\/03\/oooh-tarifas-dolares.png\"><img loading=\"lazy\" decoding=\"async\" width=\"300\" height=\"147\" src=\"https:\/\/oooh.events\/wp-content\/uploads\/2021\/03\/oooh-tarifas-dolares.png\" alt=\"Tarifas Dolares\" class=\"wp-image-54506\" title=\"OOOH.Events | Vendere Biglietti Online: tariffe in Dollari\"\/><\/a><\/figure>\n\n\n\n<p>Ejemplo:<br>\u2013 precio definido por el organizador = $ 10;<br>\u2013 el participante paga $ 11,33;<br>\u2013 el organizador recibe $ 10;<br>\u2013 el participante recibe el billete + la factura de OOOH.Events de $ 1,33 (iva incluida si aplicable).<\/p>\n<\/div>\n\n\n\n<div class=\"wp-block-column is-layout-flow wp-block-column-is-layout-flow\">\n<h3 class=\"wp-block-heading\"><strong>Precios en <strong>Pound<\/strong> UK<\/strong><\/h3>\n\n\n\n<figure class=\"wp-block-image size-large\"><a href=\"https:\/\/oooh.events\/wp-content\/uploads\/2021\/03\/oooh-tarifas-libras-esterlinas.png\"><img loading=\"lazy\" decoding=\"async\" width=\"294\" height=\"144\" src=\"https:\/\/oooh.events\/wp-content\/uploads\/2021\/03\/oooh-tarifas-libras-esterlinas.png\" alt=\"Tarifas Libras Esterlinas\" class=\"wp-image-54505\" title=\"OOOH.Events | Vendere Biglietti Online: tariffe in Pound UK\"\/><\/a><\/figure>\n\n\n\n<p>Ejemplo:<br>\u2013 precio definido por el organizador = \u00a3 10;<br>\u2013 el participante paga \u00a3 11,23;<br>\u2013 el organizador recibe \u00a3 10;<br>\u2013 el espectador recibe el billete + la factura OOOH.Events de \u00a3 1,23 (iva incluida si aplicable).<\/p>\n<\/div>\n<\/div>\n\n\n\n<hr class=\"wp-block-separator\"\/>\n\n\n\n<h2 class=\"has-cyan-bluish-gray-color has-text-color wp-block-heading\"><strong>PARA UNA COMPARACI\u00d3N DETALLADA DE NUESTRAS TARIFAS Y DE SERVICIOS SIMILARES PUEDES USAR LA SIGUIENTE HERRAMIENTA: <a href=\"https:\/\/oooh.events\/es\/comparacion-de-precios\/\">COMPARADOR DE TARIFAS<\/a><\/strong><\/h2>\n\n\n\n<div style=\"height:60px\" aria-hidden=\"true\" class=\"wp-block-spacer\"><\/div>\n\n\n\n<p style=\"text-align: center;\">\u26ab  \u26ab  \u26ab<\/p>\n<h4 style=\"line-height: 200%;\">\n<a href=\"https:\/\/oooh.events\/es\/taquilla-online-gratis-oooh-events\/\" title=\"Que es OOOH.Events | taquilla online para eventos\"><strong>&gt;&gt; \u00bfQU\u00c9 ES OOOH.EVENTS?<\/strong><\/a><br>\n\n<a href=\"https:\/\/oooh.events\/es\/oooh-events-taquilla-para-eventos-como-funciona\/\" title=\"\u00bfC\u00d3MO FUNCIONA OOOH.EVENTS? | taquilla online para eventos\"><strong>&gt;&gt; \u00bfC\u00d3MO FUNCIONA OOOH.EVENTS?<\/strong><\/a><br>\n\n<a href=\"https:\/\/oooh.events\/es\/tarifas\/\" title=\"\u00bfCU\u00c1NTO CUESTA OOOOH.EVENTS?\"><strong>&gt;&gt; \u00bfCU\u00c1NTO CUESTA OOOOH.EVENTS?<\/strong><\/a><br>\n\n<a href=\"https:\/\/oooh.events\/es\/comparacion-de-precios\/\" title=\"COMPARA LAS TARIFAS DE OOOH.EVENTS\"><strong>&gt;&gt; COMPARA LAS TARIFAS DE OOOH.EVENTS<\/strong><\/a><br>\n\n<a href=\"https:\/\/oooh.events\/es\/preguntas-frecuentes-organizadores-faq\/\" title=\"OOOH.Events | FAQ de los Organizadores\"><strong>&gt;&gt; LEE LAS FAQ DE LOS ORGANIZADORES<\/strong><\/a><br>\n\n<a href=\"https:\/\/oooh.events\/es\/preguntas-frecuentes-faq-usuarios\/\" title=\"OOOH.Events | FAQ Utentes\"><strong>&gt;&gt; LEE LAS FAQ DE LOS UTENTES<\/strong><\/a><br>\n\n<a href=\"https:\/\/oooh.events\/es\/tutorial-como-crear-un-evento\/\" title=\"OOOH.Events | Video Tutorial\"><strong>&gt;&gt; MIRA NUESTRO V\u00cdDEO TUTORIAL<\/strong><\/a>\n<\/h4>\n","protected":false},"excerpt":{"rendered":"<p>CON OOOH.EVENTS PUEDES VENDER ONLINE LAS ENTRADAS PARA TUS EVENTOS DE MANERA SIMPLE, VELOZ Y SIN NING\u00daN COSTE PORQUE NUESTRO SERVICIO ES GRATUITO PARA EL ORGANIZADOR \u00bfQuieres iniciar a vender entradas online para cualquier tipo de eventos? Con OOOH.Events el<span class=\"ellipsis\">&hellip;<\/span><\/p>\n<div class=\"read-more\"><a href=\"https:\/\/oooh.events\/es\/tarifas\/\">Leer m\u00e1s &gt;<\/a><\/div>\n<p><!-- end of .read-more --><\/p>\n","protected":false},"author":1,"featured_media":0,"parent":0,"menu_order":0,"comment_status":"closed","ping_status":"closed","template":"","meta":{"_acf_changed":false,"footnotes":""},"class_list":["post-38637","page","type-page","status-publish","hentry"],"acf":[],"_links":{"self":[{"href":"https:\/\/oooh.events\/es\/wp-json\/wp\/v2\/pages\/38637","targetHints":{"allow":["GET"]}}],"collection":[{"href":"https:\/\/oooh.events\/es\/wp-json\/wp\/v2\/pages"}],"about":[{"href":"https:\/\/oooh.events\/es\/wp-json\/wp\/v2\/types\/page"}],"author":[{"embeddable":true,"href":"https:\/\/oooh.events\/es\/wp-json\/wp\/v2\/users\/1"}],"replies":[{"embeddable":true,"href":"https:\/\/oooh.events\/es\/wp-json\/wp\/v2\/comments?post=38637"}],"version-history":[{"count":0,"href":"https:\/\/oooh.events\/es\/wp-json\/wp\/v2\/pages\/38637\/revisions"}],"wp:attachment":[{"href":"https:\/\/oooh.events\/es\/wp-json\/wp\/v2\/media?parent=38637"}],"curies":[{"name":"wp","href":"https:\/\/api.w.org\/{rel}","templated":true}]}}