{"id":52674,"date":"2020-12-16T14:46:53","date_gmt":"2020-12-16T13:46:53","guid":{"rendered":"https:\/\/oooh.events\/?page_id=52674"},"modified":"2021-03-23T15:13:57","modified_gmt":"2021-03-23T14:13:57","slug":"taquilla-online-gratis-oooh-events","status":"publish","type":"page","link":"https:\/\/oooh.events\/es\/taquilla-online-gratis-oooh-events\/","title":{"rendered":"Taquilla online gratis &#8211; OOOH.Events"},"content":{"rendered":"\n<h2 class=\"has-medium-font-size wp-block-heading\"><strong>Empieza a vender tus entradas para eventos ahora (gratis)<\/strong><br><strong>Elimina las colas con la entrada en l\u00ednea<\/strong><\/h2>\n\n\n\n<div style=\"height:25px\" aria-hidden=\"true\" class=\"wp-block-spacer\"><\/div>\n\n\n\n<div class=\"wp-block-media-text alignwide is-stacked-on-mobile is-vertically-aligned-center\" style=\"grid-template-columns:15% auto\" id=\"biglietteria-online\"><figure class=\"wp-block-media-text__media\"><img loading=\"lazy\" decoding=\"async\" width=\"563\" height=\"563\" src=\"https:\/\/oooh.events\/wp-content\/uploads\/2020\/10\/servizio-di-biglietteria-per-eventi.png\" alt=\"Servizio di Biglietteria Online\" class=\"wp-image-51433 size-full\" srcset=\"https:\/\/oooh.events\/wp-content\/uploads\/2020\/10\/servizio-di-biglietteria-per-eventi.png 563w, https:\/\/oooh.events\/wp-content\/uploads\/2020\/10\/servizio-di-biglietteria-per-eventi-150x150.png 150w, https:\/\/oooh.events\/wp-content\/uploads\/2020\/10\/servizio-di-biglietteria-per-eventi-300x300.png 300w, https:\/\/oooh.events\/wp-content\/uploads\/2020\/10\/servizio-di-biglietteria-per-eventi-387x387.png 387w, https:\/\/oooh.events\/wp-content\/uploads\/2020\/10\/servizio-di-biglietteria-per-eventi-450x450.png 450w, https:\/\/oooh.events\/wp-content\/uploads\/2020\/10\/servizio-di-biglietteria-per-eventi-320x320.png 320w, https:\/\/oooh.events\/wp-content\/uploads\/2020\/10\/servizio-di-biglietteria-per-eventi-70x70.png 70w, https:\/\/oooh.events\/wp-content\/uploads\/2020\/10\/servizio-di-biglietteria-per-eventi-75x75.png 75w, https:\/\/oooh.events\/wp-content\/uploads\/2020\/10\/servizio-di-biglietteria-per-eventi-140x140.png 140w\" sizes=\"auto, (max-width: 563px) 100vw, 563px\" \/><\/figure><div class=\"wp-block-media-text__content\">\n<p class=\"has-medium-font-size\" id=\"biglietteria-online\"><a href=\"https:\/\/oooh.events\">OOOH.Events<\/a> es una <strong>taquilla online para eventos<\/strong>: con unos sencillos pasos puedes publicar tu evento y empezar a vender inmediatamente entradas online. Haz \u201cclic\u201d en \u201ccrear tu evento\u201d, elige el tipo de evento que deseas crear, inserta tus fotos, la descripci\u00f3n y los precios y ya estar\u00e1s online para tus ventas.<\/p>\n<\/div><\/div>\n\n\n\n<div style=\"height:25px\" aria-hidden=\"true\" class=\"wp-block-spacer\"><\/div>\n\n\n\n<div class=\"wp-block-media-text alignwide is-stacked-on-mobile is-vertically-aligned-center\" style=\"grid-template-columns:15% auto\" id=\"prezzi-biglietteria-online\"><figure class=\"wp-block-media-text__media\"><img loading=\"lazy\" decoding=\"async\" width=\"562\" height=\"562\" src=\"https:\/\/oooh.events\/wp-content\/uploads\/2020\/10\/quanto-costa.png\" alt=\"Quanto costa la biglietteria online\" class=\"wp-image-51434 size-full\" srcset=\"https:\/\/oooh.events\/wp-content\/uploads\/2020\/10\/quanto-costa.png 562w, https:\/\/oooh.events\/wp-content\/uploads\/2020\/10\/quanto-costa-150x150.png 150w, https:\/\/oooh.events\/wp-content\/uploads\/2020\/10\/quanto-costa-300x300.png 300w, https:\/\/oooh.events\/wp-content\/uploads\/2020\/10\/quanto-costa-387x387.png 387w, https:\/\/oooh.events\/wp-content\/uploads\/2020\/10\/quanto-costa-450x450.png 450w, https:\/\/oooh.events\/wp-content\/uploads\/2020\/10\/quanto-costa-320x320.png 320w, https:\/\/oooh.events\/wp-content\/uploads\/2020\/10\/quanto-costa-70x70.png 70w, https:\/\/oooh.events\/wp-content\/uploads\/2020\/10\/quanto-costa-75x75.png 75w, https:\/\/oooh.events\/wp-content\/uploads\/2020\/10\/quanto-costa-140x140.png 140w\" sizes=\"auto, (max-width: 562px) 100vw, 562px\" \/><\/figure><div class=\"wp-block-media-text__content\">\n<h3 class=\"wp-block-heading\" id=\"biglietteria-gratis\"><strong>Nuestras Tarifas?<\/strong><\/h3>\n\n\n\n<p class=\"has-medium-font-size\"><em>\u00a1Para los organizadores siempre es gratis!<\/em><\/p>\n\n\n\n<p class=\"has-medium-font-size\">Nuestra comisi\u00f3n, que es muy modesta, se agrega al precio de la entrada.<\/p>\n\n\n\n<p class=\"has-medium-font-size\">\u00a1Contrasta nuestros precios con la competencia con nuestro comparador de tarifas!<\/p>\n\n\n\n<div class=\"wp-block-buttons is-content-justification-left is-layout-flex wp-block-buttons-is-layout-flex\">\n<div class=\"wp-block-button\"><a class=\"wp-block-button__link has-black-color has-luminous-vivid-amber-background-color has-text-color has-background\" href=\"https:\/\/oooh.events\/es\/tarifas\/\" style=\"border-radius:5px\">Compara las tarifas<\/a><\/div>\n<\/div>\n<\/div><\/div>\n\n\n\n<div style=\"height:25px\" aria-hidden=\"true\" class=\"wp-block-spacer\"><\/div>\n\n\n\n<div class=\"wp-block-media-text alignwide is-stacked-on-mobile is-vertically-aligned-center\" style=\"grid-template-columns:15% auto\" id=\"vantaggi-biglietteria-online\"><figure class=\"wp-block-media-text__media\"><img loading=\"lazy\" decoding=\"async\" width=\"563\" height=\"562\" src=\"https:\/\/oooh.events\/wp-content\/uploads\/2020\/10\/vantaggi.png\" alt=\"Vantaggi di OOOH.Events\" class=\"wp-image-51435 size-full\" srcset=\"https:\/\/oooh.events\/wp-content\/uploads\/2020\/10\/vantaggi.png 563w, https:\/\/oooh.events\/wp-content\/uploads\/2020\/10\/vantaggi-150x150.png 150w, https:\/\/oooh.events\/wp-content\/uploads\/2020\/10\/vantaggi-300x300.png 300w, https:\/\/oooh.events\/wp-content\/uploads\/2020\/10\/vantaggi-387x387.png 387w, https:\/\/oooh.events\/wp-content\/uploads\/2020\/10\/vantaggi-451x450.png 451w, https:\/\/oooh.events\/wp-content\/uploads\/2020\/10\/vantaggi-320x319.png 320w, https:\/\/oooh.events\/wp-content\/uploads\/2020\/10\/vantaggi-70x70.png 70w, https:\/\/oooh.events\/wp-content\/uploads\/2020\/10\/vantaggi-75x75.png 75w, https:\/\/oooh.events\/wp-content\/uploads\/2020\/10\/vantaggi-140x140.png 140w\" sizes=\"auto, (max-width: 563px) 100vw, 563px\" \/><\/figure><div class=\"wp-block-media-text__content\">\n<h3 class=\"wp-block-heading\" id=\"vantaggi-biglietteria-online\"><strong>Nuestras Ventajas<\/strong><\/h3>\n\n\n\n<p class=\"has-medium-font-size\">Con OOOH.Events adem\u00e1s de usar gratis una <strong>taquilla para eventos<\/strong> completa y rica de funcionalidades, te sostenemos en las ventas con nuestra actividad de promoci\u00f3n en las redes sociales, las newsletter y las notificaciones push. Mira nuestra gr\u00e1fico sobre las ventajas de OOOH. Events.<\/p>\n\n\n\n<div class=\"wp-block-buttons is-layout-flex wp-block-buttons-is-layout-flex\">\n<div class=\"wp-block-button\"><a class=\"wp-block-button__link has-black-color has-luminous-vivid-amber-background-color has-text-color has-background\" href=\"https:\/\/oooh.events\/wp-content\/uploads\/2021\/03\/vender-con-oooh-events.png\" style=\"border-radius:5px\" target=\"_blank\" rel=\"noreferrer noopener\">Infogr\u00e1fica<\/a><\/div>\n<\/div>\n<\/div><\/div>\n\n\n\n<div style=\"height:25px\" aria-hidden=\"true\" class=\"wp-block-spacer\"><\/div>\n\n\n\n<div class=\"wp-block-media-text alignwide is-stacked-on-mobile is-vertically-aligned-center\" style=\"grid-template-columns:15% auto\" id=\"crea-tariffe-illimitate\"><figure class=\"wp-block-media-text__media\"><img loading=\"lazy\" decoding=\"async\" width=\"562\" height=\"562\" src=\"https:\/\/oooh.events\/wp-content\/uploads\/2020\/10\/tariffe.png\" alt=\"Tariffe biglietteria online\" class=\"wp-image-51436 size-full\" srcset=\"https:\/\/oooh.events\/wp-content\/uploads\/2020\/10\/tariffe.png 562w, https:\/\/oooh.events\/wp-content\/uploads\/2020\/10\/tariffe-150x150.png 150w, https:\/\/oooh.events\/wp-content\/uploads\/2020\/10\/tariffe-300x300.png 300w, https:\/\/oooh.events\/wp-content\/uploads\/2020\/10\/tariffe-387x387.png 387w, https:\/\/oooh.events\/wp-content\/uploads\/2020\/10\/tariffe-450x450.png 450w, https:\/\/oooh.events\/wp-content\/uploads\/2020\/10\/tariffe-320x320.png 320w, https:\/\/oooh.events\/wp-content\/uploads\/2020\/10\/tariffe-70x70.png 70w, https:\/\/oooh.events\/wp-content\/uploads\/2020\/10\/tariffe-75x75.png 75w, https:\/\/oooh.events\/wp-content\/uploads\/2020\/10\/tariffe-140x140.png 140w\" sizes=\"auto, (max-width: 562px) 100vw, 562px\" \/><\/figure><div class=\"wp-block-media-text__content\">\n<h3 class=\"wp-block-heading\" id=\"tariffe-biglietti\"><strong>\u00bfSe pueden crear m\u00faltiples tarifas?<\/strong><\/h3>\n\n\n\n<p class=\"has-medium-font-size\">Con el servicio de <strong>taquilla online<\/strong> se pueden crear tarifas ilimitadas, ofertas anticipadas, \u201cpacks last minute\u201d, abonos de temporada e incluso asociar entradas con consumici\u00f3n, DVD, libros, gadgets o servicios.<\/p>\n\n\n\n<p class=\"has-medium-font-size\">Puedes crear una oferta comercial muy variada para obtener el m\u00e1ximo de ventas de tickets online, incluido los abonos de eventos que duran m\u00e1s de un d\u00eda y para eventos diversos que sean del mismo organizador.<\/p>\n<\/div><\/div>\n\n\n\n<div style=\"height:25px\" aria-hidden=\"true\" class=\"wp-block-spacer\"><\/div>\n\n\n\n<div class=\"wp-block-media-text alignwide is-stacked-on-mobile is-vertically-aligned-center\" style=\"grid-template-columns:15% auto\" id=\"print-at-home\"><figure class=\"wp-block-media-text__media\"><img loading=\"lazy\" decoding=\"async\" width=\"562\" height=\"562\" src=\"https:\/\/oooh.events\/wp-content\/uploads\/2020\/10\/biglietto.png\" alt=\"biglietto a casa\" class=\"wp-image-51437 size-full\" srcset=\"https:\/\/oooh.events\/wp-content\/uploads\/2020\/10\/biglietto.png 562w, https:\/\/oooh.events\/wp-content\/uploads\/2020\/10\/biglietto-150x150.png 150w, https:\/\/oooh.events\/wp-content\/uploads\/2020\/10\/biglietto-300x300.png 300w, https:\/\/oooh.events\/wp-content\/uploads\/2020\/10\/biglietto-387x387.png 387w, https:\/\/oooh.events\/wp-content\/uploads\/2020\/10\/biglietto-450x450.png 450w, https:\/\/oooh.events\/wp-content\/uploads\/2020\/10\/biglietto-320x320.png 320w, https:\/\/oooh.events\/wp-content\/uploads\/2020\/10\/biglietto-70x70.png 70w, https:\/\/oooh.events\/wp-content\/uploads\/2020\/10\/biglietto-75x75.png 75w, https:\/\/oooh.events\/wp-content\/uploads\/2020\/10\/biglietto-140x140.png 140w\" sizes=\"auto, (max-width: 562px) 100vw, 562px\" \/><\/figure><div class=\"wp-block-media-text__content\">\n<h3 class=\"wp-block-heading\" id=\"biglietto-a-casa\"><strong>\u00bfC\u00f3mo se entrega el ticket adquirido?<\/strong><\/h3>\n\n\n\n<p class=\"has-medium-font-size\">El participante encontrar\u00e1 siempre sus entradas en su <strong>cuenta en formato PDF<\/strong>. Tambi\u00e9n los recibir\u00e1 con un email de confirmaci\u00f3n y un resumen de la venta, sea en <strong>PDF<\/strong> o en formato <strong><a href=\"https:\/\/support.apple.com\/es-es\/HT204003\" data-type=\"URL\" data-id=\"https:\/\/support.apple.com\/es-es\/HT204003\">Wallet para iOS<\/a><\/strong>.<\/p>\n\n\n\n<p class=\"has-medium-font-size\">En el evento siempre se podr\u00e1 verificar las entradas usando nuestra aplicaci\u00f3n gratuita &#8211; <a href=\"https:\/\/apps.apple.com\/es\/app\/oooh-events-manager\/id1303690543?mt=8\">iOS<\/a> y <a href=\"https:\/\/play.google.com\/store\/apps\/details?id=com.tixproduction.ooohevents&amp;pcampaignid=pcampaignidMKT-Other-global-all-co-prtnr-py-PartBadge-Mar2515-1\">Android<\/a> &#8211; para el control de acceso.<\/p>\n<\/div><\/div>\n\n\n\n<div style=\"height:25px\" aria-hidden=\"true\" class=\"wp-block-spacer\"><\/div>\n\n\n\n<div class=\"wp-block-media-text alignwide is-stacked-on-mobile is-vertically-aligned-center\" style=\"grid-template-columns:15% auto\" id=\"promozione-eventi\"><figure class=\"wp-block-media-text__media\"><img loading=\"lazy\" decoding=\"async\" width=\"562\" height=\"562\" src=\"https:\/\/oooh.events\/wp-content\/uploads\/2020\/10\/promozione.png\" alt=\"Promozione OOOH.Events\" class=\"wp-image-51438 size-full\" srcset=\"https:\/\/oooh.events\/wp-content\/uploads\/2020\/10\/promozione.png 562w, https:\/\/oooh.events\/wp-content\/uploads\/2020\/10\/promozione-150x150.png 150w, https:\/\/oooh.events\/wp-content\/uploads\/2020\/10\/promozione-300x300.png 300w, https:\/\/oooh.events\/wp-content\/uploads\/2020\/10\/promozione-387x387.png 387w, https:\/\/oooh.events\/wp-content\/uploads\/2020\/10\/promozione-450x450.png 450w, https:\/\/oooh.events\/wp-content\/uploads\/2020\/10\/promozione-320x320.png 320w, https:\/\/oooh.events\/wp-content\/uploads\/2020\/10\/promozione-70x70.png 70w, https:\/\/oooh.events\/wp-content\/uploads\/2020\/10\/promozione-75x75.png 75w, https:\/\/oooh.events\/wp-content\/uploads\/2020\/10\/promozione-140x140.png 140w\" sizes=\"auto, (max-width: 562px) 100vw, 562px\" \/><\/figure><div class=\"wp-block-media-text__content\">\n<h3 class=\"wp-block-heading\" id=\"promozione-vendite-online\"><strong>\u00bfC\u00f3mo funciona la promoci\u00f3n?<\/strong><\/h3>\n\n\n\n<p class=\"has-medium-font-size\">Estamos muy activos en las redes sociales. Creamos newsletter semanales y tenemos miles de usuarios inscritos con notificaciones push.<\/p>\n\n\n\n<p class=\"has-medium-font-size\">Adem\u00e1s cada organizador puede mandar directamente desde su tablero un correo electr\u00f3nico de invitaci\u00f3n a un futuro evento a sus clientes anteriores, e incluso, de manera selectiva enviar a aquellos que adquirieron un evento an\u00e1logo o similar a lo que se va a promocionar.<\/p>\n\n\n\n<p class=\"has-medium-font-size\"><em>Y todo esto sin ning\u00fan coste a\u00f1adido.<\/em><\/p>\n<\/div><\/div>\n\n\n\n<div style=\"height:25px\" aria-hidden=\"true\" class=\"wp-block-spacer\"><\/div>\n\n\n\n<div style=\"height:25px\" aria-hidden=\"true\" class=\"wp-block-spacer\"><\/div>\n\n\n\n<div class=\"wp-block-media-text alignwide is-stacked-on-mobile is-vertically-aligned-center\" style=\"grid-template-columns:15% auto\" id=\"biglietteria-self-service\"><figure class=\"wp-block-media-text__media\"><img loading=\"lazy\" decoding=\"async\" width=\"563\" height=\"563\" src=\"https:\/\/oooh.events\/wp-content\/uploads\/2020\/10\/creare-da-solo.png\" alt=\"Biglietteria self-service\" class=\"wp-image-51440 size-full\" srcset=\"https:\/\/oooh.events\/wp-content\/uploads\/2020\/10\/creare-da-solo.png 563w, https:\/\/oooh.events\/wp-content\/uploads\/2020\/10\/creare-da-solo-150x150.png 150w, https:\/\/oooh.events\/wp-content\/uploads\/2020\/10\/creare-da-solo-300x300.png 300w, https:\/\/oooh.events\/wp-content\/uploads\/2020\/10\/creare-da-solo-387x387.png 387w, https:\/\/oooh.events\/wp-content\/uploads\/2020\/10\/creare-da-solo-450x450.png 450w, https:\/\/oooh.events\/wp-content\/uploads\/2020\/10\/creare-da-solo-320x320.png 320w, https:\/\/oooh.events\/wp-content\/uploads\/2020\/10\/creare-da-solo-70x70.png 70w, https:\/\/oooh.events\/wp-content\/uploads\/2020\/10\/creare-da-solo-75x75.png 75w, https:\/\/oooh.events\/wp-content\/uploads\/2020\/10\/creare-da-solo-140x140.png 140w\" sizes=\"auto, (max-width: 563px) 100vw, 563px\" \/><\/figure><div class=\"wp-block-media-text__content\">\n<h3 class=\"wp-block-heading\" id=\"biglietteria-self-service\"><strong>\u00bfPuedo crear el evento yo mismo?<\/strong><\/h3>\n\n\n\n<p class=\"has-medium-font-size\">Por supuesto, OOOH.Events es un servicio <strong>de venta de entradas self-service<\/strong>, los organizadores pueden hacer todo de forma independiente. No obstante, si necesitas ayuda, nuestro personal est\u00e1 a tu disposici\u00f3n para ayudarte, asesorarte e incluso sugerirte las mejores estrategias utilizadas por tus \u00abcolegas\u00bb organizadores a lo largo del tiempo. \u00a1Tenemos m\u00e1s de 15 a\u00f1os de experiencia en ventas y gesti\u00f3n de espect\u00e1culos!<\/p>\n<\/div><\/div>\n\n\n\n<div style=\"height:25px\" aria-hidden=\"true\" class=\"wp-block-spacer\"><\/div>\n\n\n\n<div class=\"wp-block-media-text alignwide is-stacked-on-mobile is-vertically-aligned-center\" style=\"grid-template-columns:15% auto\" id=\"assistenza-biglietteria\"><figure class=\"wp-block-media-text__media\"><img loading=\"lazy\" decoding=\"async\" width=\"562\" height=\"562\" src=\"https:\/\/oooh.events\/wp-content\/uploads\/2020\/10\/assistenza.png\" alt=\"Supporto Clienti\" class=\"wp-image-51441 size-full\" srcset=\"https:\/\/oooh.events\/wp-content\/uploads\/2020\/10\/assistenza.png 562w, https:\/\/oooh.events\/wp-content\/uploads\/2020\/10\/assistenza-150x150.png 150w, https:\/\/oooh.events\/wp-content\/uploads\/2020\/10\/assistenza-300x300.png 300w, https:\/\/oooh.events\/wp-content\/uploads\/2020\/10\/assistenza-387x387.png 387w, https:\/\/oooh.events\/wp-content\/uploads\/2020\/10\/assistenza-450x450.png 450w, https:\/\/oooh.events\/wp-content\/uploads\/2020\/10\/assistenza-320x320.png 320w, https:\/\/oooh.events\/wp-content\/uploads\/2020\/10\/assistenza-70x70.png 70w, https:\/\/oooh.events\/wp-content\/uploads\/2020\/10\/assistenza-75x75.png 75w, https:\/\/oooh.events\/wp-content\/uploads\/2020\/10\/assistenza-140x140.png 140w\" sizes=\"auto, (max-width: 562px) 100vw, 562px\" \/><\/figure><div class=\"wp-block-media-text__content\">\n<h3 class=\"wp-block-heading\" id=\"assistenza-organizzatori\"><strong>\u00bfSi necesito ayuda?<\/strong><\/h3>\n\n\n\n<p class=\"has-medium-font-size\">Siempre estamos a disposici\u00f3n: nuestra asistencia est\u00e1 disponible durante el \u00abhorario del evento\u00bb, sabemos que el horario normal de oficina no se puede aplicar en la gesti\u00f3n de eventos.<\/p>\n\n\n\n<h3 class=\"wp-block-heading\" id=\"supporto-clienti\"><strong>\u00bfQu\u00e9 pasa si mi cliente necesita ayuda?<\/strong><\/h3>\n\n\n\n<p class=\"has-medium-font-size\">Los usuarios pueden ponerse en contacto con nuestro servicio de atenci\u00f3n al cliente en cualquier momento, a trav\u00e9s del chat en <a href=\"https:\/\/oooh.events\/es\/help-2\/\">Messenger o Telegram<\/a> presente en OOOH.Events.<\/p>\n<\/div><\/div>\n\n\n\n<div style=\"height:25px\" aria-hidden=\"true\" class=\"wp-block-spacer\"><\/div>\n","protected":false},"excerpt":{"rendered":"<p>Empieza a vender tus entradas para eventos ahora (gratis)Elimina las colas con la entrada en l\u00ednea OOOH.Events es una taquilla online para eventos: con unos sencillos pasos puedes publicar tu evento y empezar a vender inmediatamente entradas online. Haz \u201cclic\u201d<span class=\"ellipsis\">&hellip;<\/span><\/p>\n<div class=\"read-more\"><a href=\"https:\/\/oooh.events\/es\/taquilla-online-gratis-oooh-events\/\">Leer m\u00e1s &gt;<\/a><\/div>\n<p><!-- end of .read-more --><\/p>\n","protected":false},"author":1,"featured_media":0,"parent":0,"menu_order":0,"comment_status":"closed","ping_status":"closed","template":"","meta":{"_acf_changed":false,"footnotes":""},"class_list":["post-52674","page","type-page","status-publish","hentry"],"acf":[],"_links":{"self":[{"href":"https:\/\/oooh.events\/es\/wp-json\/wp\/v2\/pages\/52674","targetHints":{"allow":["GET"]}}],"collection":[{"href":"https:\/\/oooh.events\/es\/wp-json\/wp\/v2\/pages"}],"about":[{"href":"https:\/\/oooh.events\/es\/wp-json\/wp\/v2\/types\/page"}],"author":[{"embeddable":true,"href":"https:\/\/oooh.events\/es\/wp-json\/wp\/v2\/users\/1"}],"replies":[{"embeddable":true,"href":"https:\/\/oooh.events\/es\/wp-json\/wp\/v2\/comments?post=52674"}],"version-history":[{"count":0,"href":"https:\/\/oooh.events\/es\/wp-json\/wp\/v2\/pages\/52674\/revisions"}],"wp:attachment":[{"href":"https:\/\/oooh.events\/es\/wp-json\/wp\/v2\/media?parent=52674"}],"curies":[{"name":"wp","href":"https:\/\/api.w.org\/{rel}","templated":true}]}}